
{"id":923,"date":"2021-07-14T11:45:57","date_gmt":"2021-07-14T09:45:57","guid":{"rendered":"https:\/\/przedszkole41.edu.wroclaw.pl\/?page_id=923"},"modified":"2024-10-02T18:50:25","modified_gmt":"2024-10-02T16:50:25","slug":"akcje-charytatywne","status":"publish","type":"page","link":"https:\/\/przedszkole41.edu.wroclaw.pl\/index.php\/dla-rodzicow\/akcje-charytatywne\/","title":{"rendered":"Akcje charytatywne"},"content":{"rendered":"<div class=\"wpb-content-wrapper\"><p>[vc_row][vc_column][vc_column_text css=&#8221;&#8221;]<\/p>\n<div dir=\"auto\">\n<p><span style=\"font-size: 14pt\"><strong>\u201cWspom\u00f3\u017c psiaka lub kociaka\u201d<\/strong><\/span><\/p>\n<p><span style=\"font-size: 14pt\">Ka\u017cdego roku prowadzimy zbi\u00f3rk\u0119 dar\u00f3w dla Bezdomnych Zwierz\u0105t z Wroc\u0142awskiego Schroniska przy ul. \u015alazowej 2.\u00a0<\/span><\/p>\n<p><span style=\"font-size: 14pt\">\u00a0Zwracamy si\u0119 do Pa\u0144stwa z ogromn\u0105 pro\u015bb\u0105 o wsparcie naszych akcji. Nie b\u0105d\u017amy oboj\u0119tni na los bezdomnych zwierz\u0105t. Liczy si\u0119 ka\u017cda puszka jedzenia czy niepotrzebny ju\u017c kocyk&#8230;., to ma\u0142y gest, kt\u00f3ry du\u017co znaczy! Celem tej inicjatywy jest r\u00f3wnie\u017c zach\u0119cenie dzieci do niesienia pomocy innym, w tym wypadku naszym czworono\u017cnym przyjacio\u0142om.\u00a0<\/span><\/p>\n<p><a href=\"https:\/\/www.schroniskowroclaw.pl\/\"><span style=\"font-size: 14pt\">https:\/\/www.schroniskowroclaw.pl\/<\/span><\/a><\/p>\n<\/div>\n<div dir=\"auto\"><\/div>\n<div dir=\"auto\">\n<p>&nbsp;<\/p>\n<\/div>\n<p>[\/vc_column_text][\/vc_column][\/vc_row][vc_row][vc_column][vc_column_text css=&#8221;&#8221;]<\/p>\n<div dir=\"auto\"><strong><span style=\"font-size: 14pt\">&#8222;I Ty mo\u017cesz zosta\u0107 \u015awi\u0119tym Miko\u0142ajem&#8221;<\/span><\/strong><\/div>\n<div id=\"ms-outlook-mobile-signature\" dir=\"auto\">\n<div dir=\"auto\"><span style=\"font-size: 14pt\"><a href=\"https:\/\/przedszkole41.edu.wroclaw.pl\/wp-content\/uploads\/sites\/19\/2021\/07\/mikolaj.jpg\"><img loading=\"lazy\" decoding=\"async\" class=\"alignleft wp-image-949 size-medium\" src=\"https:\/\/przedszkole41.edu.wroclaw.pl\/wp-content\/uploads\/sites\/19\/2021\/07\/mikolaj-300x198.jpg\" alt=\"\u015awi\u0119ty Miko\u0142aj na ga\u0142\u0119zi\" width=\"300\" height=\"198\" srcset=\"https:\/\/przedszkole41.edu.wroclaw.pl\/wp-content\/uploads\/sites\/19\/2021\/07\/mikolaj-300x198.jpg 300w, https:\/\/przedszkole41.edu.wroclaw.pl\/wp-content\/uploads\/sites\/19\/2021\/07\/mikolaj-600x397.jpg 600w, https:\/\/przedszkole41.edu.wroclaw.pl\/wp-content\/uploads\/sites\/19\/2021\/07\/mikolaj.jpg 640w\" sizes=\"auto, (max-width: 300px) 100vw, 300px\" \/><\/a> Ka\u017cdego roku przedszkole we wsp\u00f3\u0142pracy z Fundacj\u0105 We\u017aPom\u00f3\u017c organizuje akcj\u0119 charytatywn\u0105 &#8222;I Ty mo\u017cesz zosta\u0107 \u015bwi\u0119tym Miko\u0142ajem&#8221;. Mimo trwaj\u0105cej sytuacji w naszym kraju nie zapominamy, \u017ce dobrem nale\u017cy dzieli\u0107 si\u0119 zawsze.\u00a0<\/span><\/div>\n<div dir=\"auto\"><span style=\"font-size: 14pt\">Dzi\u0119ki otwarto\u015bci naszych podopiecznych, ich Rodzic\u00f3w i Nauczycieli uda\u0142o si\u0119 przygotowa\u0107 prezenty dla ubogich rodzin z Osiedla Szczepin. Wszystkie dary za po\u015brednictwem Rady Osiedla i jej przedstawiciela Pana Jana Piontka, trafiaj\u0105 do rodzin jeszcze przed \u015awi\u0119tami Bo\u017cego Narodzenia.\u00a0<\/span><\/div>\n<\/div>\n<div dir=\"auto\"><\/div>\n<h3 dir=\"auto\"><a href=\"https:\/\/wezpomoz.pl\/\">https:\/\/wezpomoz.pl\/<\/a><\/h3>\n<p>[\/vc_column_text][vc_empty_space][\/vc_column][\/vc_row][vc_row][vc_column][vc_column_text]<\/p>\n<div dir=\"auto\"><span style=\"font-size: 14pt\">&#8222;<strong>G\u00d3RA GROSZA&#8221;<\/strong><\/span><\/div>\n<div dir=\"auto\"><\/div>\n<div dir=\"auto\"><span style=\"font-size: 14pt\">Ka\u017cdego roku przy bierzemy udzia\u0142 w og\u00f3lnopolskiej akcji charytatywnej &#8222;G\u00d3RA GROSZA&#8221;<strong><a href=\"http:\/\/towarzystwonaszdom.pl\/gora-grosza\/\">http:\/\/towarzystwonaszdom.pl\/gora-grosza\/<\/a><\/strong><\/span><\/div>\n<div dir=\"auto\"><span style=\"font-size: 14pt\">Celem na kt\u00f3ry zbierane s\u0105 drobne monety, jest pomoc dzieciom, kt\u00f3re wychowuj\u0105 si\u0119 poza swoj\u0105 rodzin\u0105 &#8211; w rodzinach zast\u0119pczych, rodzinnych domach dziecka oraz innych formach opieki.<\/span><\/div>\n<div dir=\"auto\">\n<p><span style=\"font-size: 14pt\">Jednak najwa\u017cniejszym efektem akcji jest dzia\u0142anie edukacyjne &#8211; pokazanie najm\u0142odszym, jak\u0105 si\u0142\u0119 stanowi\u0107 mo\u017ce niewielka pomoc wielu ludzi i wsp\u00f3lne dzia\u0142anie dla dobra potrzebuj\u0105cych.<\/span><\/p>\n<p><img loading=\"lazy\" decoding=\"async\" class=\"size-medium wp-image-947 aligncenter\" src=\"https:\/\/przedszkole41.edu.wroclaw.pl\/wp-content\/uploads\/sites\/19\/2021\/07\/Gora-grosza-300x135.jpg\" alt=\"G\u00f3ra grosza\" width=\"300\" height=\"135\" srcset=\"https:\/\/przedszkole41.edu.wroclaw.pl\/wp-content\/uploads\/sites\/19\/2021\/07\/Gora-grosza-300x135.jpg 300w, https:\/\/przedszkole41.edu.wroclaw.pl\/wp-content\/uploads\/sites\/19\/2021\/07\/Gora-grosza.jpg 400w\" sizes=\"auto, (max-width: 300px) 100vw, 300px\" \/><\/p>\n<\/div>\n<p>[\/vc_column_text][\/vc_column][\/vc_row][vc_row][vc_column][vc_column_text css=&#8221;&#8221;]<strong>DZIE\u0141O NOWEGO TYSI\u0104CLECIA<\/strong><\/p>\n<p>Ka\u017cdego roku w ramach celebracji tygodnia dotycz\u0105cego naszego patrona Jana Paw\u0142a II organizujemy zbi\u00f3rk\u0119 pieni\u0119dzy dla Fundacji &#8222;Dzie\u0142o Nowego Tysi\u0105clecia&#8221;. Jednym z najwa\u017cniejszych dzia\u0142a\u0144 Fundacji jest prowadzony od samego pocz\u0105tku jej istnienia program stypendialny. Stypendia przyznawane s\u0105 zdolnej m\u0142odzie\u017cy pochodz\u0105cej z niezamo\u017cnych rodzin z ma\u0142ych miast i teren\u00f3w wiejskich[\/vc_column_text][\/vc_column][\/vc_row]<\/p>\n<\/div>","protected":false},"excerpt":{"rendered":"<p>[vc_row][vc_column][vc_column_text css=&#8221;&#8221;] \u201cWspom\u00f3\u017c psiaka lub kociaka\u201d Ka\u017cdego roku prowadzimy zbi\u00f3rk\u0119 dar\u00f3w dla Bezdomnych Zwierz\u0105t z Wroc\u0142awskiego Schroniska przy ul. \u015alazowej 2.\u00a0 \u00a0Zwracamy si\u0119 do Pa\u0144stwa z ogromn\u0105 pro\u015bb\u0105 o wsparcie [&hellip;]<\/p>\n","protected":false},"author":72,"featured_media":0,"parent":38,"menu_order":0,"comment_status":"closed","ping_status":"closed","template":"","meta":{"ngg_post_thumbnail":0,"footnotes":""},"class_list":["post-923","page","type-page","status-publish","hentry","clearfix"],"_links":{"self":[{"href":"https:\/\/przedszkole41.edu.wroclaw.pl\/index.php\/wp-json\/wp\/v2\/pages\/923","targetHints":{"allow":["GET"]}}],"collection":[{"href":"https:\/\/przedszkole41.edu.wroclaw.pl\/index.php\/wp-json\/wp\/v2\/pages"}],"about":[{"href":"https:\/\/przedszkole41.edu.wroclaw.pl\/index.php\/wp-json\/wp\/v2\/types\/page"}],"author":[{"embeddable":true,"href":"https:\/\/przedszkole41.edu.wroclaw.pl\/index.php\/wp-json\/wp\/v2\/users\/72"}],"replies":[{"embeddable":true,"href":"https:\/\/przedszkole41.edu.wroclaw.pl\/index.php\/wp-json\/wp\/v2\/comments?post=923"}],"version-history":[{"count":17,"href":"https:\/\/przedszkole41.edu.wroclaw.pl\/index.php\/wp-json\/wp\/v2\/pages\/923\/revisions"}],"predecessor-version":[{"id":2663,"href":"https:\/\/przedszkole41.edu.wroclaw.pl\/index.php\/wp-json\/wp\/v2\/pages\/923\/revisions\/2663"}],"up":[{"embeddable":true,"href":"https:\/\/przedszkole41.edu.wroclaw.pl\/index.php\/wp-json\/wp\/v2\/pages\/38"}],"wp:attachment":[{"href":"https:\/\/przedszkole41.edu.wroclaw.pl\/index.php\/wp-json\/wp\/v2\/media?parent=923"}],"curies":[{"name":"wp","href":"https:\/\/api.w.org\/{rel}","templated":true}]}}