
{"id":825,"date":"2021-07-06T13:48:42","date_gmt":"2021-07-06T11:48:42","guid":{"rendered":"https:\/\/przedszkole41.edu.wroclaw.pl\/?page_id=825"},"modified":"2023-09-25T10:46:22","modified_gmt":"2023-09-25T08:46:22","slug":"wspolpraca-z-poradnia-psychologiczno-pedagogiczna-nr-1","status":"publish","type":"page","link":"https:\/\/przedszkole41.edu.wroclaw.pl\/index.php\/dla-rodzicow\/wspolpraca-z-poradnia-psychologiczno-pedagogiczna\/wspolpraca-z-poradnia-psychologiczno-pedagogiczna-nr-1\/","title":{"rendered":"Wsp\u00f3\u0142praca z Poradni\u0105 Psychologiczno- Pedagogiczn\u0105 nr 1"},"content":{"rendered":"<div class=\"wpb-content-wrapper\"><p>[vc_row][vc_column][vc_column_text]<\/p>\n<h2>Wsp\u00f3\u0142praca z Poradni\u0105 Psychologiczno- Pedagogiczn\u0105 nr 1<\/h2>\n<p><span style=\"font-size: 14pt;\"><strong>Pomoc Psychologiczno-Pedagogiczna<\/strong><\/span><\/p>\n<p><span style=\"font-size: 14pt;\">Przedszkole wsp\u00f3\u0142pracuje z Poradni\u0105 Psychologiczno-Pedagogiczn\u0105 nr 1 we Wroc\u0142awiu oraz z pedagogiem Pani\u0105 Katarzyn\u0105 Markilewicz i psychologiem Pani\u0105 Mart\u0105 Ograbek, kt\u00f3re udzielaj\u0105 specjalistycznej pomocy podczas konsultacji prowadzonych w plac\u00f3wce.<\/span><\/p>\n<p><span style=\"font-size: 14pt;\"><strong>Kontakt telefoniczny:<\/strong>&nbsp;71 798 68 28<\/span><\/p>\n<p><span style=\"font-size: 14pt;\"><strong>mailowy:<\/strong>&nbsp;<a href=\"mailto:sekretariat.ppp1@wroclawskaedukacja.pl\">sekretariat.ppp1@wroclawskaedukacja.pl<\/a><\/span><\/p>\n<p><span style=\"font-size: 14pt;\"><strong>INFORMACJE O ZADANIACH PORADNI:&nbsp;<\/strong><\/span><\/p>\n<p><span style=\"font-size: 14pt;\">Poradnia udziela specjalistycznej pomocy dzieciom i m\u0142odzie\u017cy na wszystkich etapach rozwoju i edukacji.&nbsp;Poradnia wspiera&nbsp;rodzic\u00f3w&nbsp;i nauczycieli w procesie wychowania i nauczania m\u0142odego pokolenia.<\/span><\/p>\n<ul>\n<li><span style=\"font-size: 14pt;\">Poradnia Psychologiczno \u2013 Pedagogiczna nr 1 jest plac\u00f3wk\u0105 publiczn\u0105, dzia\u0142aj\u0105c\u0105 w ramach systemu o\u015bwiaty.<\/span><\/li>\n<li><span style=\"font-size: 14pt;\">Poradnia udziela specjalistycznej pomocy psychologicznej, pedagogicznej i logopedycznej dzieciom i m\u0142odzie\u017cy oraz&nbsp;rodzicom&nbsp;i nauczycielom poprzez dzia\u0142alno\u015b\u0107&nbsp; profilaktyczn\u0105, diagnostyczn\u0105, terapeutyczn\u0105 i edukacyjn\u0105.<\/span><\/li>\n<li><span style=\"font-size: 14pt;\">Korzystanie z pomocy udzielanej przez Poradni\u0119 jest dobrowolne (na wniosek&nbsp;rodzic\u00f3w&nbsp;lub pe\u0142noletnich uczni\u00f3w).&nbsp;<\/span><\/li>\n<\/ul>\n<p>&nbsp;<\/p>\n<p><span style=\"font-size: 14pt;\"><strong>Rodzicu, je\u015bli istnieje potrzeba konsultacji<\/strong>&nbsp;<strong>nale\u017cy skontaktowa\u0107 si\u0119 z poradni\u0105<\/strong><\/span><\/p>\n<p><span style=\"font-size: 14pt;\"><strong>Adres:<\/strong><\/span><\/p>\n<p><span style=\"font-size: 14pt;\">Poradnia Psychologiczno-Pedagogiczna nr 1<\/span><\/p>\n<p><span style=\"font-size: 14pt;\">Ko\u015bciuszki 31\/1<\/span><\/p>\n<p><span style=\"font-size: 14pt;\">50-011 Wroc\u0142aw<\/span><\/p>\n<p><span style=\"font-size: 14pt;\">tel.: 71 798 68 28 wew. 102<\/span><\/p>\n<p><span style=\"font-size: 14pt;\">e-mail: <a href=\"mailto:sekretariat.ppp1@wroclawskaedukacja.pl\">sekretariat.ppp1@wroclawskaedukacja.pl<\/a><\/span><\/p>\n<p><strong>&nbsp;<\/strong><\/p>\n<p>&nbsp;[\/vc_column_text][\/vc_column][\/vc_row]<\/p>\n<\/div>","protected":false},"excerpt":{"rendered":"<p>[vc_row][vc_column][vc_column_text] Wsp\u00f3\u0142praca z Poradni\u0105 Psychologiczno- Pedagogiczn\u0105 nr 1 Pomoc Psychologiczno-Pedagogiczna Przedszkole wsp\u00f3\u0142pracuje z Poradni\u0105 Psychologiczno-Pedagogiczn\u0105 nr 1 we Wroc\u0142awiu oraz z pedagogiem Pani\u0105 Katarzyn\u0105 Markilewicz i psychologiem Pani\u0105 Mart\u0105 Ograbek, [&hellip;]<\/p>\n","protected":false},"author":72,"featured_media":0,"parent":46,"menu_order":0,"comment_status":"closed","ping_status":"closed","template":"","meta":{"ngg_post_thumbnail":0,"footnotes":""},"class_list":["post-825","page","type-page","status-publish","hentry","clearfix"],"_links":{"self":[{"href":"https:\/\/przedszkole41.edu.wroclaw.pl\/index.php\/wp-json\/wp\/v2\/pages\/825","targetHints":{"allow":["GET"]}}],"collection":[{"href":"https:\/\/przedszkole41.edu.wroclaw.pl\/index.php\/wp-json\/wp\/v2\/pages"}],"about":[{"href":"https:\/\/przedszkole41.edu.wroclaw.pl\/index.php\/wp-json\/wp\/v2\/types\/page"}],"author":[{"embeddable":true,"href":"https:\/\/przedszkole41.edu.wroclaw.pl\/index.php\/wp-json\/wp\/v2\/users\/72"}],"replies":[{"embeddable":true,"href":"https:\/\/przedszkole41.edu.wroclaw.pl\/index.php\/wp-json\/wp\/v2\/comments?post=825"}],"version-history":[{"count":5,"href":"https:\/\/przedszkole41.edu.wroclaw.pl\/index.php\/wp-json\/wp\/v2\/pages\/825\/revisions"}],"predecessor-version":[{"id":2205,"href":"https:\/\/przedszkole41.edu.wroclaw.pl\/index.php\/wp-json\/wp\/v2\/pages\/825\/revisions\/2205"}],"up":[{"embeddable":true,"href":"https:\/\/przedszkole41.edu.wroclaw.pl\/index.php\/wp-json\/wp\/v2\/pages\/46"}],"wp:attachment":[{"href":"https:\/\/przedszkole41.edu.wroclaw.pl\/index.php\/wp-json\/wp\/v2\/media?parent=825"}],"curies":[{"name":"wp","href":"https:\/\/api.w.org\/{rel}","templated":true}]}}