
{"id":800,"date":"2021-07-06T10:12:14","date_gmt":"2021-07-06T08:12:14","guid":{"rendered":"https:\/\/przedszkole41.edu.wroclaw.pl\/?page_id=800"},"modified":"2025-08-27T14:35:20","modified_gmt":"2025-08-27T12:35:20","slug":"adaptacja","status":"publish","type":"page","link":"https:\/\/przedszkole41.edu.wroclaw.pl\/index.php\/aktualnosci-2\/adaptacja\/","title":{"rendered":"Adaptacja"},"content":{"rendered":"<div class=\"wpb-content-wrapper\"><p>[vc_row][vc_column][vc_column_text css=&#8221;&#8221;]<span style=\"font-size: 14pt;\"><strong>Spotkanie adaptacyjne dla dzieci nowo przyj\u0119tych odb\u0119dzie si\u0119 w dniu 28 sierpnia w godz. 12:00\u2013 13:30.<\/strong><\/span><\/p>\n<p><span style=\"font-size: 14pt;\">Podczas spotkania dzieci poznaj\u0105 przedszkole, nauczycieli i opiekun\u00f3w. Uczestniczy\u0107 b\u0119d\u0105 w zaj\u0119ciach ruchowych, plastycznych oraz zabawach integracyjnych w sali i na terenie ogrodu przedszkolnego. Pragniemy, aby wszystkie dzieci z rado\u015bci\u0105 i ciekawo\u015bci\u0105 przychodzi\u0142y do naszego przedszkola.&nbsp;Prosimy o zabranie ze sob\u0105 obuwia zmiennego.<\/span><\/p>\n<p><span style=\"font-size: 14pt;\"><strong>Na powitanie u\u015bmiechy mile widziane.<\/strong><\/span>[\/vc_column_text][\/vc_column][\/vc_row][vc_row][vc_column][vc_column_text css=&#8221;&#8221;]<a href=\"https:\/\/przedszkole41.edu.wroclaw.pl\/wp-content\/uploads\/sites\/19\/2021\/07\/LIST-DO-RODZICOW-co-jest-potrzebne.pdf\">LIST DO RODZIC\u00d3W \u2013 co jest potrzebne (PDF 49KB)<\/a><\/p>\n<p><a href=\"https:\/\/przedszkole41.edu.wroclaw.pl\/wp-content\/uploads\/sites\/19\/2021\/07\/PORADNIK-DLA-RODZICOW-pozegnanie.pdf\">PORADNIK DLA RODZIC\u00d3W \u2013 po\u017cegnanie (PDF 179KB)<\/a><\/p>\n<p><a href=\"https:\/\/przedszkole41.edu.wroclaw.pl\/wp-content\/uploads\/sites\/19\/2021\/07\/wyprawka-przedszkolaka.docx\">Wyprawka przedszkolaka (DOCX 15KB))<\/a>[\/vc_column_text][\/vc_column][\/vc_row]<\/p>\n<\/div>","protected":false},"excerpt":{"rendered":"<p>[vc_row][vc_column][vc_column_text css=&#8221;&#8221;]Spotkanie adaptacyjne dla dzieci nowo przyj\u0119tych odb\u0119dzie si\u0119 w dniu 28 sierpnia w godz. 12:00\u2013 13:30. Podczas spotkania dzieci poznaj\u0105 przedszkole, nauczycieli i opiekun\u00f3w. Uczestniczy\u0107 b\u0119d\u0105 w zaj\u0119ciach ruchowych, [&hellip;]<\/p>\n","protected":false},"author":72,"featured_media":798,"parent":406,"menu_order":0,"comment_status":"closed","ping_status":"closed","template":"","meta":{"ngg_post_thumbnail":0,"footnotes":""},"class_list":["post-800","page","type-page","status-publish","has-post-thumbnail","hentry","clearfix"],"_links":{"self":[{"href":"https:\/\/przedszkole41.edu.wroclaw.pl\/index.php\/wp-json\/wp\/v2\/pages\/800","targetHints":{"allow":["GET"]}}],"collection":[{"href":"https:\/\/przedszkole41.edu.wroclaw.pl\/index.php\/wp-json\/wp\/v2\/pages"}],"about":[{"href":"https:\/\/przedszkole41.edu.wroclaw.pl\/index.php\/wp-json\/wp\/v2\/types\/page"}],"author":[{"embeddable":true,"href":"https:\/\/przedszkole41.edu.wroclaw.pl\/index.php\/wp-json\/wp\/v2\/users\/72"}],"replies":[{"embeddable":true,"href":"https:\/\/przedszkole41.edu.wroclaw.pl\/index.php\/wp-json\/wp\/v2\/comments?post=800"}],"version-history":[{"count":7,"href":"https:\/\/przedszkole41.edu.wroclaw.pl\/index.php\/wp-json\/wp\/v2\/pages\/800\/revisions"}],"predecessor-version":[{"id":3192,"href":"https:\/\/przedszkole41.edu.wroclaw.pl\/index.php\/wp-json\/wp\/v2\/pages\/800\/revisions\/3192"}],"up":[{"embeddable":true,"href":"https:\/\/przedszkole41.edu.wroclaw.pl\/index.php\/wp-json\/wp\/v2\/pages\/406"}],"wp:featuredmedia":[{"embeddable":true,"href":"https:\/\/przedszkole41.edu.wroclaw.pl\/index.php\/wp-json\/wp\/v2\/media\/798"}],"wp:attachment":[{"href":"https:\/\/przedszkole41.edu.wroclaw.pl\/index.php\/wp-json\/wp\/v2\/media?parent=800"}],"curies":[{"name":"wp","href":"https:\/\/api.w.org\/{rel}","templated":true}]}}