
{"id":767,"date":"2021-07-02T13:55:21","date_gmt":"2021-07-02T11:55:21","guid":{"rendered":"https:\/\/przedszkole41.edu.wroclaw.pl\/?page_id=767"},"modified":"2024-08-08T09:26:40","modified_gmt":"2024-08-08T07:26:40","slug":"rodo-2","status":"publish","type":"page","link":"https:\/\/przedszkole41.edu.wroclaw.pl\/index.php\/rodo-2\/","title":{"rendered":"Rodo"},"content":{"rendered":"<div class=\"wpb-content-wrapper\"><p>[vc_row][vc_column][vc_column_text css=&#8221;&#8221;]<span style=\"font-family: arial, helvetica, sans-serif; font-size: 14pt;\"><em>Funkcj\u0119 Inspektora Ochrony Danych Osobowych w Przedszkolu nr 41 im. Jana Paw\u0142a II we Wroc\u0142awiu pe\u0142ni:<\/em><\/span><\/p>\n<p><span style=\"font-family: arial, helvetica, sans-serif; font-size: 14pt;\"><strong><em>Tomasz Grzybowski, tel.: + <a href=\"callto:48 501 083 482\">48 501 083 482<\/a><br \/>\nmail:&nbsp;<a href=\"mailto:inspektor@coreconsulting.pl\">inspektor@coreconsulting.pl<\/a><\/em><\/strong><\/span><\/p>\n<p>&nbsp;<\/p>\n<p><span style=\"font-size: 14pt;\"><a href=\"https:\/\/przedszkole41.edu.wroclaw.pl\/wp-content\/uploads\/sites\/19\/2024\/08\/RODO-Klauzula-zamowienia-publiczne-pdf-148KB.pdf\">RODO Klauzula &#8211; zam\u00f3wienia publiczne [pdf 148KB]<\/a><\/span><\/p>\n<p><span style=\"font-size: 14pt;\"><a href=\"https:\/\/przedszkole41.edu.wroclaw.pl\/wp-content\/uploads\/sites\/19\/2024\/08\/RODO-Klauzula-przyjecie-dziecka-w-ramach-dyzuru-wakacyjnego-pdf-135KB.pdf\">RODO Klauzula &#8211; przyj\u0119cie dziecka w ramach dy\u017curu wakacyjnego [pdf 135KB]<\/a><\/span><\/p>\n<p><span style=\"font-size: 14pt;\"><a href=\"https:\/\/przedszkole41.edu.wroclaw.pl\/wp-content\/uploads\/sites\/19\/2024\/08\/RODO-Klauzula-postepowanie-administracyjne-pdf-150KB.pdf\">RODO Klauzula &#8211; post\u0119powanie administracyjne [pdf 150KB]<\/a><\/span><\/p>\n<p><span style=\"font-size: 14pt;\"><a href=\"https:\/\/przedszkole41.edu.wroclaw.pl\/wp-content\/uploads\/sites\/19\/2024\/08\/RODO-Klauzula-korespondencja-elektroniczna-pdf-138KB.pdf\">RODO Klauzula &#8211; korespondencja elektroniczna [pdf 138KB]<\/a><\/span><\/p>\n<p><span style=\"font-size: 14pt;\"><a href=\"https:\/\/przedszkole41.edu.wroclaw.pl\/wp-content\/uploads\/sites\/19\/2024\/08\/RODO-Kauzula-wolontariat-pdf-146KB.pdf\">RODO Klauzula &#8211; wolontariat [pdf 146KB]<\/a><\/span><\/p>\n<p><span style=\"font-size: 14pt;\"><a href=\"https:\/\/przedszkole41.edu.wroclaw.pl\/wp-content\/uploads\/sites\/19\/2024\/08\/RODO-Klauzula-zawarcie-umowy-pdf-132KB.pdf\">RODO Klauzula &#8211; zawarcie umowy [pdf 132KB]<\/a><\/span><\/p>\n<p><span style=\"font-size: 14pt;\"><a href=\"https:\/\/przedszkole41.edu.wroclaw.pl\/wp-content\/uploads\/sites\/19\/2024\/08\/RODO-Klauzula-zatrudnienie-pracownik-samorzadowy-pdf-152KB.pdf\">RODO Klauzula &#8211; zatrudnienie &#8211; pracownik samorz\u0105dowy [pdf 152KB]<\/a><\/span><\/p>\n<p><span style=\"font-size: 14pt;\"><a href=\"https:\/\/przedszkole41.edu.wroclaw.pl\/wp-content\/uploads\/sites\/19\/2024\/08\/RODO-Klauzula-zlozenie-pisma-w-placowce-pdf-147KB.pdf\">RODO Klauzula &#8211; z\u0142o\u017cenie pisma w plac\u00f3wce [pdf 147KB]<\/a><\/span><\/p>\n<p><span style=\"font-size: 14pt;\"><a href=\"https:\/\/przedszkole41.edu.wroclaw.pl\/wp-content\/uploads\/sites\/19\/2024\/08\/RODO-Klauzula-ewidencja-wejsc-i-wyjsc-pdf-131KB.pdf\">RODO Klauzula &#8211; ewidencja wej\u015b\u0107 i wyj\u015b\u0107 [pdf 131KB]<\/a><\/span><\/p>\n<p><span style=\"font-size: 14pt;\"><a href=\"https:\/\/przedszkole41.edu.wroclaw.pl\/wp-content\/uploads\/sites\/19\/2024\/08\/RODO-Klauzula-korzystanie-ze-strony-internetowej-pdf-137KB.pdf\">RODO Klauzula &#8211; korzystanie ze strony internetowej [pdf 137KB]<\/a><\/span><\/p>\n<p><span style=\"font-size: 14pt;\"><a href=\"https:\/\/przedszkole41.edu.wroclaw.pl\/wp-content\/uploads\/sites\/19\/2024\/08\/RODO-Klauzula-PPK-pdf-146KB.pdf\">RODO Klauzula &#8211; PPK [pdf 146KB]<\/a><\/span><\/p>\n<p><span style=\"font-size: 14pt;\"><a href=\"https:\/\/przedszkole41.edu.wroclaw.pl\/wp-content\/uploads\/sites\/19\/2024\/08\/RODO-Klauzula-rekrutacja-pracownika-pdf-157KB.pdf\">RODO Klauzula &#8211; rekrutacja pracownika [pdf 157KB]<\/a><\/span><\/p>\n<p><span style=\"font-size: 14pt;\"><a href=\"https:\/\/przedszkole41.edu.wroclaw.pl\/wp-content\/uploads\/sites\/19\/2024\/08\/RODO-Klauzula-zatrudnienie-nauczyciel-pdf-158KB.pdf\">RODO Klauzula &#8211; zatrudnienie &#8211; nauczyciel [pdf 158KB]<\/a><\/span><\/p>\n<p><span style=\"font-size: 14pt;\"><a href=\"https:\/\/przedszkole41.edu.wroclaw.pl\/wp-content\/uploads\/sites\/19\/2024\/08\/RODO-Klauzula-edukacja-dziecka-w-placowce-pdf-173KB.pdf\">RODO Klauzula &#8211; edukacja dziecka w plac\u00f3wce [pdf 173KB]<\/a><\/span>[\/vc_column_text][\/vc_column][\/vc_row]<\/p>\n<\/div>","protected":false},"excerpt":{"rendered":"<p>[vc_row][vc_column][vc_column_text css=&#8221;&#8221;]Funkcj\u0119 Inspektora Ochrony Danych Osobowych w Przedszkolu nr 41 im. Jana Paw\u0142a II we Wroc\u0142awiu pe\u0142ni: Tomasz Grzybowski, tel.: + 48 501 083 482 mail:&nbsp;inspektor@coreconsulting.pl &nbsp; RODO Klauzula &#8211; [&hellip;]<\/p>\n","protected":false},"author":72,"featured_media":0,"parent":0,"menu_order":0,"comment_status":"closed","ping_status":"closed","template":"","meta":{"ngg_post_thumbnail":0,"footnotes":""},"class_list":["post-767","page","type-page","status-publish","hentry","clearfix"],"_links":{"self":[{"href":"https:\/\/przedszkole41.edu.wroclaw.pl\/index.php\/wp-json\/wp\/v2\/pages\/767","targetHints":{"allow":["GET"]}}],"collection":[{"href":"https:\/\/przedszkole41.edu.wroclaw.pl\/index.php\/wp-json\/wp\/v2\/pages"}],"about":[{"href":"https:\/\/przedszkole41.edu.wroclaw.pl\/index.php\/wp-json\/wp\/v2\/types\/page"}],"author":[{"embeddable":true,"href":"https:\/\/przedszkole41.edu.wroclaw.pl\/index.php\/wp-json\/wp\/v2\/users\/72"}],"replies":[{"embeddable":true,"href":"https:\/\/przedszkole41.edu.wroclaw.pl\/index.php\/wp-json\/wp\/v2\/comments?post=767"}],"version-history":[{"count":9,"href":"https:\/\/przedszkole41.edu.wroclaw.pl\/index.php\/wp-json\/wp\/v2\/pages\/767\/revisions"}],"predecessor-version":[{"id":2587,"href":"https:\/\/przedszkole41.edu.wroclaw.pl\/index.php\/wp-json\/wp\/v2\/pages\/767\/revisions\/2587"}],"wp:attachment":[{"href":"https:\/\/przedszkole41.edu.wroclaw.pl\/index.php\/wp-json\/wp\/v2\/media?parent=767"}],"curies":[{"name":"wp","href":"https:\/\/api.w.org\/{rel}","templated":true}]}}