
{"id":648,"date":"2021-06-30T15:45:34","date_gmt":"2021-06-30T13:45:34","guid":{"rendered":"https:\/\/przedszkole41.edu.wroclaw.pl\/?page_id=648"},"modified":"2025-12-19T09:40:24","modified_gmt":"2025-12-19T08:40:24","slug":"przerwa-wakacyjna","status":"publish","type":"page","link":"https:\/\/przedszkole41.edu.wroclaw.pl\/index.php\/dla-rodzicow\/przerwa-wakacyjna\/","title":{"rendered":"Przerwa wakacyjna"},"content":{"rendered":"<div class=\"wpb-content-wrapper\"><p>[vc_row][vc_column][vc_column_text css=&#8221;&#8221;]<\/p>\n<h3 style=\"text-align: center;\"><span style=\"color: #ea0000;\"><strong>&nbsp;<\/strong><span style=\"font-size: 18pt;\"><strong>Przerwa wakacyjna w roku szkolnym 2025\/2026 \u2013 LIPIEC 2026<\/strong><\/span><\/span><\/h3>\n<h4 style=\"text-align: center;\"><strong>&nbsp;<\/strong><strong>SYSTEM OPIEKI WAKACYJNEJ W PRZEDSZKOLACH PUBLICZNYCH PROWADZONYCH PRZEZ MIASTO<\/strong><\/h4>\n<p><strong>&nbsp;<\/strong><strong>Procedury w zakresie systemu opieki wakacyjnej <\/strong><span style=\"color: #ea0000;\"><strong>w uzasadnionych przypadkach<\/strong><\/span> <strong>&#8211; terminy:<\/strong><\/p>\n<p><strong>&#8211; <\/strong>wydawanie rodzicom deklaracji korzystania z przedszkola w okresie wakacyjnym \u2013 <strong>15 \u2013 20 maj<br \/>\n<\/strong><u>&#8211; wyznaczony ostateczny termin z\u0142o\u017cenia wype\u0142nionej deklaracji \u2013<strong> 29 maj<br \/>\n<\/strong><\/u><strong>&#8211;<\/strong> z\u0142o\u017cenie deklaracji przez rodzica wraz z uzasadnieniem o konieczno\u015bci korzystania z innego przedszkola ni\u017c macierzyste<br \/>\n\u2013 <strong>do 29 maja<\/strong><\/p>\n<p><strong>&#8211;<\/strong> rozpatrywanie z\u0142o\u017conych przez rodzic\u00f3w poda\u0144 <strong>do 15 czerwca<\/strong>, decyduje Dyrektor z uwagi na znajomo\u015b\u0107 \u015brodowiska rodzinnego dziecka (nie zawsze b\u0119dzie to najbli\u017csza plac\u00f3wka).<\/p>\n<p><u>\u2013 wskazywanie rodzicom zast\u0119pczego przedszkola, z kt\u00f3rego mo\u017ce skorzysta\u0107 dziecko do 15 czerwca.<\/u><\/p>\n<p>&nbsp;<\/p>\n<p><strong>Na wniosek rodzic\u00f3w, kt\u00f3rzy <\/strong><span style=\"color: #ea0000;\"><strong><u>w szczeg\u00f3lnie uzasadnionych przypadkach<\/u><\/strong><\/span> <strong>nie mog\u0105 zapewni\u0107 dziecku opieki w terminie zamkni\u0119cia przedszkola macierzystego, prosz\u0119 o kontakt z Dyrektorem <\/strong><strong>do 15 czerwca <\/strong><strong>celem wyznaczenia przedszkola zast\u0119pczego.<\/strong><\/p>\n<p><strong>&nbsp;<\/strong>[\/vc_column_text][\/vc_column][\/vc_row]<\/p>\n<\/div>","protected":false},"excerpt":{"rendered":"<p>[vc_row][vc_column][vc_column_text css=&#8221;&#8221;] &nbsp;Przerwa wakacyjna w roku szkolnym 2025\/2026 \u2013 LIPIEC 2026 &nbsp;SYSTEM OPIEKI WAKACYJNEJ W PRZEDSZKOLACH PUBLICZNYCH PROWADZONYCH PRZEZ MIASTO &nbsp;Procedury w zakresie systemu opieki wakacyjnej w uzasadnionych przypadkach &#8211; [&hellip;]<\/p>\n","protected":false},"author":72,"featured_media":0,"parent":38,"menu_order":0,"comment_status":"closed","ping_status":"closed","template":"","meta":{"ngg_post_thumbnail":0,"footnotes":""},"class_list":["post-648","page","type-page","status-publish","hentry","clearfix"],"_links":{"self":[{"href":"https:\/\/przedszkole41.edu.wroclaw.pl\/index.php\/wp-json\/wp\/v2\/pages\/648","targetHints":{"allow":["GET"]}}],"collection":[{"href":"https:\/\/przedszkole41.edu.wroclaw.pl\/index.php\/wp-json\/wp\/v2\/pages"}],"about":[{"href":"https:\/\/przedszkole41.edu.wroclaw.pl\/index.php\/wp-json\/wp\/v2\/types\/page"}],"author":[{"embeddable":true,"href":"https:\/\/przedszkole41.edu.wroclaw.pl\/index.php\/wp-json\/wp\/v2\/users\/72"}],"replies":[{"embeddable":true,"href":"https:\/\/przedszkole41.edu.wroclaw.pl\/index.php\/wp-json\/wp\/v2\/comments?post=648"}],"version-history":[{"count":18,"href":"https:\/\/przedszkole41.edu.wroclaw.pl\/index.php\/wp-json\/wp\/v2\/pages\/648\/revisions"}],"predecessor-version":[{"id":3408,"href":"https:\/\/przedszkole41.edu.wroclaw.pl\/index.php\/wp-json\/wp\/v2\/pages\/648\/revisions\/3408"}],"up":[{"embeddable":true,"href":"https:\/\/przedszkole41.edu.wroclaw.pl\/index.php\/wp-json\/wp\/v2\/pages\/38"}],"wp:attachment":[{"href":"https:\/\/przedszkole41.edu.wroclaw.pl\/index.php\/wp-json\/wp\/v2\/media?parent=648"}],"curies":[{"name":"wp","href":"https:\/\/api.w.org\/{rel}","templated":true}]}}