
{"id":642,"date":"2021-06-30T15:43:42","date_gmt":"2021-06-30T13:43:42","guid":{"rendered":"https:\/\/przedszkole41.edu.wroclaw.pl\/?page_id=642"},"modified":"2025-09-03T08:44:31","modified_gmt":"2025-09-03T06:44:31","slug":"ubezpieczenie","status":"publish","type":"page","link":"https:\/\/przedszkole41.edu.wroclaw.pl\/index.php\/dla-rodzicow\/ubezpieczenie\/","title":{"rendered":"Ubezpieczenie"},"content":{"rendered":"<div class=\"wpb-content-wrapper\"><p>[vc_row][vc_column][vc_column_text css=&#8221;&#8221;]<span style=\"font-family: verdana, geneva; font-size: 14pt;\">Ubezpieczenie dzieci na rok 2025\/2026.<\/span><\/p>\n<p><span style=\"font-family: verdana, geneva; font-size: 14pt;\">Je\u017celi rodzice ubezpiecz\u0105 dziecko do 6 wrze\u015bnia otrzymaj\u0105 certyfikat ubezpieczenia na \u017cycie dla dziecka bezp\u0142atnie od Allianz.<\/span><\/p>\n<p><span style=\"font-family: verdana, geneva; font-size: 14pt;\"><strong>ZAPISY DO&nbsp;6 wrze\u015bnia 2025&nbsp;<\/strong><\/span><\/p>\n<p><span style=\"font-family: verdana, geneva; font-size: 14pt;\"><strong>Link dla rodzic\u00f3w dzieci :<\/strong><strong>&nbsp; &nbsp; &nbsp;&nbsp;<\/strong><u><a href=\"https:\/\/www.nnwdlaszkoly.pl\/oferta\/NNGRFo\">https:\/\/www.nnwdlaszkoly.pl\/oferta\/NNGRFo <\/a><\/u><\/span><\/p>\n<p><span style=\"font-family: verdana, geneva; font-size: 14pt;\">Lub poprzez kod QR:<\/span><\/p>\n<p><span style=\"font-family: verdana, geneva; font-size: 14pt;\"><img loading=\"lazy\" decoding=\"async\" class=\"alignnone size-medium wp-image-3198\" src=\"https:\/\/przedszkole41.edu.wroclaw.pl\/wp-content\/uploads\/sites\/19\/2025\/09\/QR_przedszkole-300x300.png\" alt=\"\" width=\"300\" height=\"300\" srcset=\"https:\/\/przedszkole41.edu.wroclaw.pl\/wp-content\/uploads\/sites\/19\/2025\/09\/QR_przedszkole-300x300.png 300w, https:\/\/przedszkole41.edu.wroclaw.pl\/wp-content\/uploads\/sites\/19\/2025\/09\/QR_przedszkole-150x150.png 150w, https:\/\/przedszkole41.edu.wroclaw.pl\/wp-content\/uploads\/sites\/19\/2025\/09\/QR_przedszkole.png 473w\" sizes=\"auto, (max-width: 300px) 100vw, 300px\" \/><\/span><\/p>\n<p><span style=\"font-family: verdana, geneva; font-size: 14pt;\">Dane agenta ubezpieczeniowego. W razie w\u0105tpliwo\u015bci prosz\u0119 o kontakt.<\/span><\/p>\n<p style=\"font-weight: 400;\"><span style=\"font-family: verdana, geneva; font-size: 14pt;\">Bo\u017cena Palczy\u0144ska<\/span><br \/>\n<span style=\"font-family: verdana, geneva; font-size: 14pt;\">Specjalista ds. ubezpiecze\u0144 Allianz&nbsp;<\/span><\/p>\n<p style=\"font-weight: 400;\"><span style=\"font-family: verdana, geneva; font-size: 14pt;\">tel.&nbsp;<a href=\"callto:+48 795 640 333\">+48 795 640 333<\/a>&nbsp;<\/span><\/p>\n<p><span style=\"font-family: verdana, geneva; font-size: 14pt;\">Hubska 52-54<\/span><br \/>\n<span style=\"font-family: verdana, geneva; font-size: 14pt;\">50-502 Wroc\u0142aw<\/span>[\/vc_column_text][\/vc_column][\/vc_row]<\/p>\n<\/div>","protected":false},"excerpt":{"rendered":"<p>[vc_row][vc_column][vc_column_text css=&#8221;&#8221;]Ubezpieczenie dzieci na rok 2025\/2026. Je\u017celi rodzice ubezpiecz\u0105 dziecko do 6 wrze\u015bnia otrzymaj\u0105 certyfikat ubezpieczenia na \u017cycie dla dziecka bezp\u0142atnie od Allianz. ZAPISY DO&nbsp;6 wrze\u015bnia 2025&nbsp; Link dla rodzic\u00f3w [&hellip;]<\/p>\n","protected":false},"author":72,"featured_media":0,"parent":38,"menu_order":0,"comment_status":"closed","ping_status":"closed","template":"","meta":{"ngg_post_thumbnail":0,"footnotes":""},"class_list":["post-642","page","type-page","status-publish","hentry","clearfix"],"_links":{"self":[{"href":"https:\/\/przedszkole41.edu.wroclaw.pl\/index.php\/wp-json\/wp\/v2\/pages\/642","targetHints":{"allow":["GET"]}}],"collection":[{"href":"https:\/\/przedszkole41.edu.wroclaw.pl\/index.php\/wp-json\/wp\/v2\/pages"}],"about":[{"href":"https:\/\/przedszkole41.edu.wroclaw.pl\/index.php\/wp-json\/wp\/v2\/types\/page"}],"author":[{"embeddable":true,"href":"https:\/\/przedszkole41.edu.wroclaw.pl\/index.php\/wp-json\/wp\/v2\/users\/72"}],"replies":[{"embeddable":true,"href":"https:\/\/przedszkole41.edu.wroclaw.pl\/index.php\/wp-json\/wp\/v2\/comments?post=642"}],"version-history":[{"count":14,"href":"https:\/\/przedszkole41.edu.wroclaw.pl\/index.php\/wp-json\/wp\/v2\/pages\/642\/revisions"}],"predecessor-version":[{"id":3199,"href":"https:\/\/przedszkole41.edu.wroclaw.pl\/index.php\/wp-json\/wp\/v2\/pages\/642\/revisions\/3199"}],"up":[{"embeddable":true,"href":"https:\/\/przedszkole41.edu.wroclaw.pl\/index.php\/wp-json\/wp\/v2\/pages\/38"}],"wp:attachment":[{"href":"https:\/\/przedszkole41.edu.wroclaw.pl\/index.php\/wp-json\/wp\/v2\/media?parent=642"}],"curies":[{"name":"wp","href":"https:\/\/api.w.org\/{rel}","templated":true}]}}