
{"id":623,"date":"2021-06-30T13:09:04","date_gmt":"2021-06-30T11:09:04","guid":{"rendered":"https:\/\/przedszkole41.edu.wroclaw.pl\/?page_id=623"},"modified":"2025-10-22T11:13:53","modified_gmt":"2025-10-22T09:13:53","slug":"druki-do-pobrania","status":"publish","type":"page","link":"https:\/\/przedszkole41.edu.wroclaw.pl\/index.php\/druki-do-pobrania\/","title":{"rendered":"Druki do pobrania"},"content":{"rendered":"<div class=\"wpb-content-wrapper\"><p>[vc_row][vc_column][vc_column_text css=&#8221;&#8221;]<span style=\"font-size: 14pt; font-family: arial, helvetica, sans-serif;\"><strong>Formularze:<\/strong><\/span><\/p>\n<p><span style=\"font-size: 14pt; font-family: arial, helvetica, sans-serif;\"><a href=\"https:\/\/przedszkole41.edu.wroclaw.pl\/wp-content\/uploads\/sites\/19\/2025\/10\/2025_Deklaracja-pobytu-dziecka-pdf-735-KB.pdf\">2025_Deklaracja pobytu dziecka [pdf 735 KB]<\/a><\/span><\/p>\n<p><span style=\"font-size: 14pt; font-family: arial, helvetica, sans-serif;\"><a href=\"https:\/\/przedszkole41.edu.wroclaw.pl\/wp-content\/uploads\/sites\/19\/2024\/08\/09.2024-oswiadczenie-upowazniajace-do-odbioru-dziecka-pdf-98.4KB.pdf\">09.2024 o\u015bwiadczenie upowa\u017cniaj\u0105ce do odbioru dziecka [pdf 98.4KB]<\/a><\/span><\/p>\n<p><span style=\"font-size: 14pt; font-family: arial, helvetica, sans-serif;\"><a href=\"https:\/\/przedszkole41.edu.wroclaw.pl\/wp-content\/uploads\/sites\/19\/2024\/08\/09.2024-Zgoda-na-wizerunek-na-www-pdf-157KB.pdf\">09.2024 Zgoda na wizerunek na www [pdf 157KB]<\/a><\/span><\/p>\n<p><span style=\"font-size: 14pt; font-family: arial, helvetica, sans-serif;\"><a href=\"https:\/\/przedszkole41.edu.wroclaw.pl\/wp-content\/uploads\/sites\/19\/2024\/09\/01.09.2024-Religia-zyczenie-pdf-93.6KB.pdf\">01.09.2024 Religia &#8211; \u017cyczenie [pdf 93.6KB]<\/a><\/span><\/p>\n<p><span style=\"font-size: 14pt; font-family: arial, helvetica, sans-serif;\"><a href=\"https:\/\/przedszkole41.edu.wroclaw.pl\/wp-content\/uploads\/sites\/19\/2024\/08\/09.2024-Wniosek-o-zwolnienie-z-oplaty-stalej-wielodzietnosc-pdf-157KB.pdf\">09.2024 Wniosek o zwolnienie z op\u0142aty sta\u0142ej wielodzietno\u015b\u0107 [pdf 157KB]<\/a><\/span><\/p>\n<p><span style=\"font-size: 14pt; font-family: arial, helvetica, sans-serif;\"><strong>Informacje:<\/strong><\/span><\/p>\n<p><span style=\"font-size: 14pt; font-family: arial, helvetica, sans-serif;\"><a href=\"https:\/\/przedszkole41.edu.wroclaw.pl\/wp-content\/uploads\/sites\/19\/2021\/06\/Oswiadczenie-o-nieobecnosci-dziecka.pdf\">O\u015bwiadczenie o d\u0142ugotrwa\u0142ej nieobecno\u015bci dziecka (PDF 58KB)<\/a><\/span><\/p>\n<p><span style=\"font-size: 14pt; font-family: arial, helvetica, sans-serif;\"><a href=\"https:\/\/przedszkole41.edu.wroclaw.pl\/wp-content\/uploads\/sites\/19\/2021\/06\/Rezygnacja-z-miejsca-w-przedszkolu.pdf\">Rezygnacja z miejsca w przedszkolu (PDF 162KB)<\/a><\/span><\/p>\n<p><span style=\"font-size: 14pt; font-family: arial, helvetica, sans-serif;\"><a href=\"https:\/\/przedszkole41.edu.wroclaw.pl\/wp-content\/uploads\/sites\/19\/2024\/08\/09.2024-Druk-do-naliczania-oplat-pdf-83.5KB.pdf\">09.2024 Druk do naliczania op\u0142at [pdf 83.5KB]<\/a><\/span><\/p>\n<p><span style=\"font-size: 14pt; font-family: arial, helvetica, sans-serif;\"><a href=\"https:\/\/przedszkole41.edu.wroclaw.pl\/wp-content\/uploads\/sites\/19\/2021\/06\/P41_zasady-korzystania-z-elektronicznej-ewidencji-czasu-pobytu.pdf\">Zasady korzystania z elektronicznej rejestracji (PDF 269KB)<\/a><\/span><\/p>\n<p><span style=\"font-size: 14pt; font-family: arial, helvetica, sans-serif;\"><a href=\"https:\/\/przedszkole41.edu.wroclaw.pl\/wp-content\/uploads\/sites\/19\/2021\/06\/Przyspieszenie-obowiazku-szkolnego.pdf\">Przyspieszenie obowi\u0105zku szkolnego (PDF 251KB)<\/a><\/span>[\/vc_column_text][\/vc_column][\/vc_row]<\/p>\n<\/div>","protected":false},"excerpt":{"rendered":"<p>[vc_row][vc_column][vc_column_text css=&#8221;&#8221;]Formularze: 2025_Deklaracja pobytu dziecka [pdf 735 KB] 09.2024 o\u015bwiadczenie upowa\u017cniaj\u0105ce do odbioru dziecka [pdf 98.4KB] 09.2024 Zgoda na wizerunek na www [pdf 157KB] 01.09.2024 Religia &#8211; \u017cyczenie [pdf 93.6KB] [&hellip;]<\/p>\n","protected":false},"author":72,"featured_media":0,"parent":0,"menu_order":0,"comment_status":"closed","ping_status":"closed","template":"","meta":{"ngg_post_thumbnail":0,"footnotes":""},"class_list":["post-623","page","type-page","status-publish","hentry","clearfix"],"_links":{"self":[{"href":"https:\/\/przedszkole41.edu.wroclaw.pl\/index.php\/wp-json\/wp\/v2\/pages\/623","targetHints":{"allow":["GET"]}}],"collection":[{"href":"https:\/\/przedszkole41.edu.wroclaw.pl\/index.php\/wp-json\/wp\/v2\/pages"}],"about":[{"href":"https:\/\/przedszkole41.edu.wroclaw.pl\/index.php\/wp-json\/wp\/v2\/types\/page"}],"author":[{"embeddable":true,"href":"https:\/\/przedszkole41.edu.wroclaw.pl\/index.php\/wp-json\/wp\/v2\/users\/72"}],"replies":[{"embeddable":true,"href":"https:\/\/przedszkole41.edu.wroclaw.pl\/index.php\/wp-json\/wp\/v2\/comments?post=623"}],"version-history":[{"count":25,"href":"https:\/\/przedszkole41.edu.wroclaw.pl\/index.php\/wp-json\/wp\/v2\/pages\/623\/revisions"}],"predecessor-version":[{"id":3291,"href":"https:\/\/przedszkole41.edu.wroclaw.pl\/index.php\/wp-json\/wp\/v2\/pages\/623\/revisions\/3291"}],"wp:attachment":[{"href":"https:\/\/przedszkole41.edu.wroclaw.pl\/index.php\/wp-json\/wp\/v2\/media?parent=623"}],"curies":[{"name":"wp","href":"https:\/\/api.w.org\/{rel}","templated":true}]}}