
{"id":516,"date":"2021-06-29T08:08:17","date_gmt":"2021-06-29T06:08:17","guid":{"rendered":"https:\/\/przedszkole41.edu.wroclaw.pl\/?page_id=516"},"modified":"2025-01-30T11:10:44","modified_gmt":"2025-01-30T10:10:44","slug":"religia","status":"publish","type":"page","link":"https:\/\/przedszkole41.edu.wroclaw.pl\/index.php\/religia\/","title":{"rendered":"Religia"},"content":{"rendered":"<div class=\"wpb-content-wrapper\"><p>[vc_row][vc_column][vc_column_text css=&#8221;&#8221;]<\/p>\n<h3>W zaj\u0119ciach z religii uczestnicz\u0105 dzieci, kt\u00f3rych rodzice wyrazili \u017cyczenie ucz\u0119szczania dziecka na religi\u0119. Zaj\u0119cia prowadzone s\u0105 we wszystkich grupach wiekowych w oparciu o zatwierdzony program nauczania religii rzymsko-katolickiej. Tematyka, \u015brodki metodyczne i pomoce dydaktyczne (np. zabawy ruchowe, taniec, memory, gry i zabawy dydaktyczne, \u015bpiew, zagadki, tw\u00f3rcze dzia\u0142anie, inscenizacje, wsp\u00f3lne recytowanie, rysowanie, nabo\u017ce\u0144stwa para liturgiczne, wsp\u00f3lne malowanie) dostosowane s\u0105 do mo\u017cliwo\u015bci rozwojowych i psychofizycznych dzieci. Zaj\u0119cia z religii dla 3 i 4-latk\u00f3w trwaj\u0105 15 &#8211; 20 minut, a dla 5-6-latk\u00f3w \u2013 30 minut. Celem katechezy przedszkolnej jest m.in. wprowadzenie dziecka w \u017cycie religijne, wpoznanie wiary, modlitwy i liturgii oraz wspieraniu rodzic\u00f3w\/prawnych opiekun\u00f3w w wychowaniu opartym o warto\u015bci chrze\u015bcija\u0144skie. Nauka religii s\u0142u\u017cy m.in. wspomaganiu rozwoju moralnego dziecka i kszta\u0142towaniu jego \u017cycia w wsp\u00f3lnocie, np. w rodzinie, w Ko\u015bciele czy grupie przedszkolnej oraz pobudza do troski o \u015bwiat.<\/h3>\n<p>[\/vc_column_text][\/vc_column][\/vc_row]<\/p>\n<\/div>","protected":false},"excerpt":{"rendered":"<p>[vc_row][vc_column][vc_column_text css=&#8221;&#8221;] W zaj\u0119ciach z religii uczestnicz\u0105 dzieci, kt\u00f3rych rodzice wyrazili \u017cyczenie ucz\u0119szczania dziecka na religi\u0119. Zaj\u0119cia prowadzone s\u0105 we wszystkich grupach wiekowych w oparciu o zatwierdzony program nauczania religii [&hellip;]<\/p>\n","protected":false},"author":72,"featured_media":0,"parent":0,"menu_order":0,"comment_status":"closed","ping_status":"closed","template":"","meta":{"ngg_post_thumbnail":0,"footnotes":""},"class_list":["post-516","page","type-page","status-publish","hentry","clearfix"],"_links":{"self":[{"href":"https:\/\/przedszkole41.edu.wroclaw.pl\/index.php\/wp-json\/wp\/v2\/pages\/516","targetHints":{"allow":["GET"]}}],"collection":[{"href":"https:\/\/przedszkole41.edu.wroclaw.pl\/index.php\/wp-json\/wp\/v2\/pages"}],"about":[{"href":"https:\/\/przedszkole41.edu.wroclaw.pl\/index.php\/wp-json\/wp\/v2\/types\/page"}],"author":[{"embeddable":true,"href":"https:\/\/przedszkole41.edu.wroclaw.pl\/index.php\/wp-json\/wp\/v2\/users\/72"}],"replies":[{"embeddable":true,"href":"https:\/\/przedszkole41.edu.wroclaw.pl\/index.php\/wp-json\/wp\/v2\/comments?post=516"}],"version-history":[{"count":5,"href":"https:\/\/przedszkole41.edu.wroclaw.pl\/index.php\/wp-json\/wp\/v2\/pages\/516\/revisions"}],"predecessor-version":[{"id":2854,"href":"https:\/\/przedszkole41.edu.wroclaw.pl\/index.php\/wp-json\/wp\/v2\/pages\/516\/revisions\/2854"}],"wp:attachment":[{"href":"https:\/\/przedszkole41.edu.wroclaw.pl\/index.php\/wp-json\/wp\/v2\/media?parent=516"}],"curies":[{"name":"wp","href":"https:\/\/api.w.org\/{rel}","templated":true}]}}