
{"id":514,"date":"2021-06-29T08:08:00","date_gmt":"2021-06-29T06:08:00","guid":{"rendered":"https:\/\/przedszkole41.edu.wroclaw.pl\/?page_id=514"},"modified":"2026-01-09T14:02:05","modified_gmt":"2026-01-09T13:02:05","slug":"rytmika-z-umuzykalnieniem","status":"publish","type":"page","link":"https:\/\/przedszkole41.edu.wroclaw.pl\/index.php\/rytmika-z-umuzykalnieniem\/","title":{"rendered":"Rytmika z umuzykalnieniem"},"content":{"rendered":"<div class=\"wpb-content-wrapper\"><p>[vc_row][vc_column][vc_column_text css=&#8221;&#8221;]<\/p>\n<div dir=\"auto\"><span style=\"font-size: 14pt;\">Prowadzone zaj\u0119cia s\u0105 dostosowane do mo\u017cliwo\u015bci rozwojowych dzieci. Dla 3-4-latk\u00f3w trwaj\u0105 15-20 minut, a dla 5-6-latk\u00f3w \u2013 30 minut. Odbywaj\u0105 si\u0119 dwa razy w tygodniu. Dzieci sze\u015bcioletnie dodatkowo uczestnicz\u0105 za zgod\u0105 rodzic\u00f3w w zaj\u0119ciach indywidualnych oraz w zaj\u0119ciach w ma\u0142ych zespo\u0142ach.<\/span><\/div>\n<div dir=\"auto\">&nbsp;<\/div>\n<div dir=\"auto\">\n<p><span style=\"font-size: 14pt;\">Muzyka odgrywa wa\u017cn\u0105 rol\u0119 we wszechstronnym rozwoju dziecka, a wiek przedszkolny to najlepszy czas na rozpocz\u0119cie edukacji muzycznej. Zaleca si\u0119 g\u0142\u00f3wnie: ruch przy muzyce, \u015bpiew, gr\u0119 na instrumentach, s\u0142uchanie oraz tworzenie muzyki.<\/span><\/p>\n<p><span style=\"font-size: 14pt;\">Dzieci reaguj\u0105 na muzyk\u0119 zachwytem i rado\u015bci\u0105. Intuicyjnie klaszcz\u0105, tupi\u0105, pobudzaj\u0105 si\u0119 lub uspokajaj\u0105, powa\u017cniej\u0105 i m\u00f3wi\u0105 o niej. Pod wp\u0142ywem edukacji muzycznej te nieu\u015bwiadomione reakcje mog\u0105 przekszta\u0142ci\u0107 si\u0119 w \u015bwiadome prze\u017cywanie muzyki \u2013 np. w ta\u0144cu.&nbsp;<\/span><\/p>\n<\/div>\n<p>[\/vc_column_text][\/vc_column][\/vc_row]<\/p>\n<\/div>","protected":false},"excerpt":{"rendered":"<p>[vc_row][vc_column][vc_column_text css=&#8221;&#8221;] Prowadzone zaj\u0119cia s\u0105 dostosowane do mo\u017cliwo\u015bci rozwojowych dzieci. Dla 3-4-latk\u00f3w trwaj\u0105 15-20 minut, a dla 5-6-latk\u00f3w \u2013 30 minut. Odbywaj\u0105 si\u0119 dwa razy w tygodniu. Dzieci sze\u015bcioletnie dodatkowo [&hellip;]<\/p>\n","protected":false},"author":72,"featured_media":0,"parent":0,"menu_order":0,"comment_status":"closed","ping_status":"closed","template":"","meta":{"ngg_post_thumbnail":0,"footnotes":""},"class_list":["post-514","page","type-page","status-publish","hentry","clearfix"],"_links":{"self":[{"href":"https:\/\/przedszkole41.edu.wroclaw.pl\/index.php\/wp-json\/wp\/v2\/pages\/514","targetHints":{"allow":["GET"]}}],"collection":[{"href":"https:\/\/przedszkole41.edu.wroclaw.pl\/index.php\/wp-json\/wp\/v2\/pages"}],"about":[{"href":"https:\/\/przedszkole41.edu.wroclaw.pl\/index.php\/wp-json\/wp\/v2\/types\/page"}],"author":[{"embeddable":true,"href":"https:\/\/przedszkole41.edu.wroclaw.pl\/index.php\/wp-json\/wp\/v2\/users\/72"}],"replies":[{"embeddable":true,"href":"https:\/\/przedszkole41.edu.wroclaw.pl\/index.php\/wp-json\/wp\/v2\/comments?post=514"}],"version-history":[{"count":5,"href":"https:\/\/przedszkole41.edu.wroclaw.pl\/index.php\/wp-json\/wp\/v2\/pages\/514\/revisions"}],"predecessor-version":[{"id":3445,"href":"https:\/\/przedszkole41.edu.wroclaw.pl\/index.php\/wp-json\/wp\/v2\/pages\/514\/revisions\/3445"}],"wp:attachment":[{"href":"https:\/\/przedszkole41.edu.wroclaw.pl\/index.php\/wp-json\/wp\/v2\/media?parent=514"}],"curies":[{"name":"wp","href":"https:\/\/api.w.org\/{rel}","templated":true}]}}