
{"id":510,"date":"2021-06-29T08:07:35","date_gmt":"2021-06-29T06:07:35","guid":{"rendered":"https:\/\/przedszkole41.edu.wroclaw.pl\/?page_id=510"},"modified":"2024-10-14T20:50:27","modified_gmt":"2024-10-14T18:50:27","slug":"mali-wspaniali","status":"publish","type":"page","link":"https:\/\/przedszkole41.edu.wroclaw.pl\/index.php\/mali-wspaniali\/","title":{"rendered":"Mali wspaniali"},"content":{"rendered":"<div class=\"wpb-content-wrapper\"><p>[vc_row][vc_column][vc_column_text css=&#8221;&#8221;]<span style=\"font-size: 14pt;font-family: arial, helvetica, sans-serif\">Przed nami kolejny rok szkolny z Ma\u0142ymi Wspania\u0142ymi i programem, kt\u00f3ry rozpoczynamy 13go wrze\u015bnia. Ten b\u0119dzie szczeg\u00f3lny r\u00f3wnie\u017c z powodu sporej zmiany jaka nast\u0105pi\u0142a w programie. Zgoda na uczestnictwo w programie mo\u017ce by\u0107 zaakceptowana przez Rodzica\/Opiekuna Prawnego elektronicznie, na nowej internetowej platformie programu &#8211; <a href=\"http:\/\/app.mali-wspaniali.pl\">app.mali-wspaniali.pl<\/a><\/span><\/p>\n<p><span style=\"font-size: 14pt;font-family: arial, helvetica, sans-serif\">Aplikacja ma przede wszystkim u\u0142atwi\u0107 formalno\u015bci zwi\u0105zane z uczestnictwem w programie, udost\u0119pni\u0107 wyniki test\u00f3w sprawno\u015bci realizowanych w czasie naszych zaj\u0119\u0107, a tak\u017ce by\u0107 \u017ar\u00f3d\u0142em wiedzy na temat najm\u0142odszych.<\/span><\/p>\n<p><span style=\"font-size: 14pt;font-family: arial, helvetica, sans-serif\">Ka\u017cdy Rodzic b\u0119dzie m\u00f3g\u0142 zarejestrowa\u0107 si\u0119 w platformie na podstawie specjalnego unikatowego kodu, kt\u00f3ry b\u0119dzie udost\u0119pniony przez plac\u00f3wk\u0119.<\/span>[\/vc_column_text][vc_column_text]<span style=\"font-size: 14pt;font-family: arial, helvetica, sans-serif\"><a href=\"https:\/\/przedszkole41.edu.wroclaw.pl\/wp-content\/uploads\/sites\/19\/2021\/08\/plakat-platforma-A3.pdf\">Plakat platforma A3 (PDF 528KB)<\/a><\/span><\/p>\n<p><span style=\"font-size: 14pt;font-family: arial, helvetica, sans-serif\"><a href=\"https:\/\/przedszkole41.edu.wroclaw.pl\/wp-content\/uploads\/sites\/19\/2021\/08\/ulotka.pdf\">Ulotka (PDF 1078KB)<\/a><\/span>[\/vc_column_text][\/vc_column][\/vc_row]<\/p>\n<\/div>","protected":false},"excerpt":{"rendered":"<p>[vc_row][vc_column][vc_column_text css=&#8221;&#8221;]Przed nami kolejny rok szkolny z Ma\u0142ymi Wspania\u0142ymi i programem, kt\u00f3ry rozpoczynamy 13go wrze\u015bnia. Ten b\u0119dzie szczeg\u00f3lny r\u00f3wnie\u017c z powodu sporej zmiany jaka nast\u0105pi\u0142a w programie. Zgoda na uczestnictwo [&hellip;]<\/p>\n","protected":false},"author":72,"featured_media":0,"parent":0,"menu_order":0,"comment_status":"closed","ping_status":"closed","template":"","meta":{"ngg_post_thumbnail":0,"footnotes":""},"class_list":["post-510","page","type-page","status-publish","hentry","clearfix"],"_links":{"self":[{"href":"https:\/\/przedszkole41.edu.wroclaw.pl\/index.php\/wp-json\/wp\/v2\/pages\/510","targetHints":{"allow":["GET"]}}],"collection":[{"href":"https:\/\/przedszkole41.edu.wroclaw.pl\/index.php\/wp-json\/wp\/v2\/pages"}],"about":[{"href":"https:\/\/przedszkole41.edu.wroclaw.pl\/index.php\/wp-json\/wp\/v2\/types\/page"}],"author":[{"embeddable":true,"href":"https:\/\/przedszkole41.edu.wroclaw.pl\/index.php\/wp-json\/wp\/v2\/users\/72"}],"replies":[{"embeddable":true,"href":"https:\/\/przedszkole41.edu.wroclaw.pl\/index.php\/wp-json\/wp\/v2\/comments?post=510"}],"version-history":[{"count":6,"href":"https:\/\/przedszkole41.edu.wroclaw.pl\/index.php\/wp-json\/wp\/v2\/pages\/510\/revisions"}],"predecessor-version":[{"id":2711,"href":"https:\/\/przedszkole41.edu.wroclaw.pl\/index.php\/wp-json\/wp\/v2\/pages\/510\/revisions\/2711"}],"wp:attachment":[{"href":"https:\/\/przedszkole41.edu.wroclaw.pl\/index.php\/wp-json\/wp\/v2\/media?parent=510"}],"curies":[{"name":"wp","href":"https:\/\/api.w.org\/{rel}","templated":true}]}}