
{"id":508,"date":"2021-06-29T08:07:22","date_gmt":"2021-06-29T06:07:22","guid":{"rendered":"https:\/\/przedszkole41.edu.wroclaw.pl\/?page_id=508"},"modified":"2021-07-14T13:20:15","modified_gmt":"2021-07-14T11:20:15","slug":"gimnastyka-ogolnorozwojowa","status":"publish","type":"page","link":"https:\/\/przedszkole41.edu.wroclaw.pl\/index.php\/gimnastyka-ogolnorozwojowa\/","title":{"rendered":"Gimnastyka og\u00f3lnorozwojowa"},"content":{"rendered":"<p><span style=\"font-size: 14pt;\">GIMNASTYKA OGOLNOROZWOJOWA Z ELEMENTAMI GIMNASTYKI KOREKCYJNEJ<\/span><\/p>\n<p><span style=\"font-size: 14pt;\">Wiek przedszkolny to&nbsp;okres intensywnego rozwoju dziecka. Najwa\u017cniejszym zadaniem przedszkola w&nbsp;tym czasie jest wspomaganie i&nbsp;ukierunkowanie rozwoju dziecka zgodnie z&nbsp;jego wrodzonym potencja\u0142em mo\u017cliwo\u015bci rozwojowych. Stymulowanie i&nbsp;pobudzanie tego rozwoju odbywa si\u0119 poprzez w\u0142a\u015bciwe stosowanie formy ruchu. Gimnastyka ogolnorozwojowa, jest szeroko rozumian\u0105 form\u0105 zaj\u0119\u0107 profilaktycznych. Zaj\u0119cia odbywaj\u0105 si\u0119 dwa razy w&nbsp;tygodniu. Czas trwania zaj\u0119\u0107 to&nbsp;30 minut.<\/span><\/p>\n<p><span style=\"font-size: 14pt;\">Podstawowym celem zaj\u0119\u0107 jest przeciwdzia\u0142anie i&nbsp;zapobieganie powstawianiu i&nbsp;pog\u0142\u0119bianiu si\u0119 wad postawy cia\u0142a u&nbsp;dzieci w&nbsp;wieku przedszkolnym. Prawid\u0142owa postawa cia\u0142a ma decyduj\u0105ce znaczenie dla rozwijaj\u0105cego si\u0119 organizmu i&nbsp;zdrowia dziecka, kr\u0105\u017cenia, oddychania i&nbsp;trawienia. W\u0142a\u015bciwe i&nbsp;w&nbsp;odpowiednim czasie podj\u0119te dzia\u0142ania korekcyjne zapobiegaj\u0105 powstawaniu, pog\u0142\u0119bianiu i&nbsp;utrwalaniu si\u0119 wady postawy i&nbsp;wynikaj\u0105cym w&nbsp;nast\u0119pstwie tego schorzeniom organizmu.<\/span><\/p>\n<p><span style=\"font-size: 14pt;\">Cele og\u00f3lne:<\/span><\/p>\n<ul>\n<li><span style=\"font-size: 14pt;\">eliminowanie wad postawy cia\u0142a takich jak: plecy okr\u0105g\u0142e, plecy p\u0142askie, boczne skrzywienie kr\u0119gos\u0142upa,<\/span><\/li>\n<li><span style=\"font-size: 14pt;\">eliminowanie wad ko\u0144czyn dolnych, takich jak: p\u0142askostopie, ko\u015blawo\u015b\u0107 i&nbsp;szpotawo\u015b\u0107 kolan, stopy p\u0142asko-ko\u015blawe<\/span><\/li>\n<li><span style=\"font-size: 14pt;\">Dzia\u0142anie profilaktyczne w&nbsp;celu nie&nbsp;dopuszczenia do&nbsp;powstania w\/w wad postawy<\/span><\/li>\n<li><span style=\"font-size: 14pt;\">Kszta\u0142towanie nawyku prawid\u0142owej postawy cia\u0142a<\/span><\/li>\n<li><span style=\"font-size: 14pt;\">Zapewnianie dzieciom wszechstronnego rozwoju cia\u0142a<\/span><\/li>\n<li><span style=\"font-size: 14pt;\">Zwi\u0119kszenie efektywno\u015bci zaj\u0119\u0107 poprzez umo\u017cliwianie wsp\u00f3\u0142pracy z&nbsp;rodzicami: zaj\u0119cia z&nbsp;udzia\u0142em rodzic\u00f3w, informacje o&nbsp;profilaktyce wad, propozycje \u0107wicze\u0144 z&nbsp;dzie\u0107mi w&nbsp;domu.<\/span><\/li>\n<\/ul>\n<p><span style=\"font-size: 14pt;\">Zaj\u0119cia korekcyjne obejmuj\u0105 \u0107wiczenia:<\/span><br \/>\n<span style=\"font-size: 14pt;\">og\u00f3lnorozwojowe, specjalne (koryguj\u0105ce dan\u0105 wad\u0119), wyprostne, oddechowe i&nbsp;antygrawitacyjne (wyd\u0142u\u017caj\u0105ce)<\/span><\/p>\n","protected":false},"excerpt":{"rendered":"<p>GIMNASTYKA OGOLNOROZWOJOWA Z ELEMENTAMI GIMNASTYKI KOREKCYJNEJ Wiek przedszkolny to&nbsp;okres intensywnego rozwoju dziecka. Najwa\u017cniejszym zadaniem przedszkola w&nbsp;tym czasie jest wspomaganie i&nbsp;ukierunkowanie rozwoju dziecka zgodnie z&nbsp;jego wrodzonym potencja\u0142em mo\u017cliwo\u015bci rozwojowych. Stymulowanie i&nbsp;pobudzanie [&hellip;]<\/p>\n","protected":false},"author":72,"featured_media":0,"parent":0,"menu_order":0,"comment_status":"closed","ping_status":"closed","template":"","meta":{"ngg_post_thumbnail":0,"footnotes":""},"class_list":["post-508","page","type-page","status-publish","hentry","clearfix"],"_links":{"self":[{"href":"https:\/\/przedszkole41.edu.wroclaw.pl\/index.php\/wp-json\/wp\/v2\/pages\/508","targetHints":{"allow":["GET"]}}],"collection":[{"href":"https:\/\/przedszkole41.edu.wroclaw.pl\/index.php\/wp-json\/wp\/v2\/pages"}],"about":[{"href":"https:\/\/przedszkole41.edu.wroclaw.pl\/index.php\/wp-json\/wp\/v2\/types\/page"}],"author":[{"embeddable":true,"href":"https:\/\/przedszkole41.edu.wroclaw.pl\/index.php\/wp-json\/wp\/v2\/users\/72"}],"replies":[{"embeddable":true,"href":"https:\/\/przedszkole41.edu.wroclaw.pl\/index.php\/wp-json\/wp\/v2\/comments?post=508"}],"version-history":[{"count":2,"href":"https:\/\/przedszkole41.edu.wroclaw.pl\/index.php\/wp-json\/wp\/v2\/pages\/508\/revisions"}],"predecessor-version":[{"id":934,"href":"https:\/\/przedszkole41.edu.wroclaw.pl\/index.php\/wp-json\/wp\/v2\/pages\/508\/revisions\/934"}],"wp:attachment":[{"href":"https:\/\/przedszkole41.edu.wroclaw.pl\/index.php\/wp-json\/wp\/v2\/media?parent=508"}],"curies":[{"name":"wp","href":"https:\/\/api.w.org\/{rel}","templated":true}]}}