
{"id":42,"date":"2016-02-22T10:17:25","date_gmt":"2016-02-22T09:17:25","guid":{"rendered":"https:\/\/przedszkole41.edu.wroclaw.pl\/?page_id=42"},"modified":"2026-03-30T08:23:19","modified_gmt":"2026-03-30T06:23:19","slug":"jadlospis","status":"publish","type":"page","link":"https:\/\/przedszkole41.edu.wroclaw.pl\/index.php\/dla-rodzicow\/jadlospis\/","title":{"rendered":"Jad\u0142ospis"},"content":{"rendered":"<div class=\"wpb-content-wrapper\"><p>[vc_row][vc_column][vc_column_text css=&#8221;&#8221;]<span style=\"font-size: 14pt;\"><a href=\"https:\/\/przedszkole41.edu.wroclaw.pl\/wp-content\/uploads\/sites\/19\/2026\/03\/Jadlospis-30.03.26-03.03.2026-pdf-228-KB.pdf\">Jad\u0142ospis 30.03.26-03.03.2026 (pdf 228 KB)<\/a><\/span>[\/vc_column_text][vc_column_text css=&#8221;&#8221;]<strong><span style=\"font-size: 14pt;\">Alergeny<\/span><\/strong><\/p>\n<p><span style=\"font-size: 14pt;\"><a href=\"https:\/\/przedszkole41.edu.wroclaw.pl\/wp-content\/uploads\/sites\/19\/2025\/10\/Zalacznik_II_do_rozp_1169_2011_alergeny.pdf\">Za\u0142\u0105cznik II &#8211; Rozporz\u0105dzenia Parlamentu Europejskiego i Rady (UE) nr 1169\/2011 [pdf 181 KB]<\/a><\/span>[\/vc_column_text][vc_column_text css=&#8221;&#8221;]<span style=\"font-size: 14pt;\"><strong>Gramatura potraw<\/strong><\/span><\/p>\n<p><span style=\"font-size: 14pt;\"><a href=\"https:\/\/przedszkole41.edu.wroclaw.pl\/wp-content\/uploads\/sites\/19\/2025\/10\/gramatura-potraw.docx\">Gramatura potraw [docx 19.7 KB]<\/a><\/span>[\/vc_column_text][\/vc_column][\/vc_row][vc_row][vc_column][vc_column_text]<span style=\"font-size: 14pt;\"><b>*W ci\u0105gu dnia dzieci na \u017cyczenie otrzymuj\u0105 wod\u0119 do picia.<\/b><\/span>[\/vc_column_text][\/vc_column][\/vc_row][vc_row][vc_column][vc_column_text]<strong>JAD\u0141OSPIS MO\u017bE ULEC ZMIANIE<\/strong><\/p>\n<p>W zwi\u0105zku z Rozporz\u0105dzeniem Parlamentu Europejskiego i Rady UE Nr 1169\/2011 z dnia 25 pa\u017adziernika 2011r. w sprawie przekazywania konsumentom informacji na temat \u017cywno\u015bci (za\u0142. nr II) informujemy, \u017ce w produktach znajduj\u0105 si\u0119 substancje mog\u0105ce powodowa\u0107 alergie lub nietolerancje pokarmowe: mleko i produkty pochodne, zbo\u017ca zawieraj\u0105ce gluten tj. pszenica, orkisz, \u017cyto, j\u0119czmie\u0144, owies, orzeszki ziemne (arachidowe) i produkty pochodne, orzechy tj. migda\u0142y, orzechy: laskowe, brazylijskie, nerkowca, pekan, w\u0142oskie, macadamia. *A \u2013 oznakowanie alergen\u00f3w w jad\u0142ospisie, *seler wyst\u0119puje w ka\u017cdej zupie.<\/p>\n<p>W przypadku alergii pokarmowych stosujemy diet\u0119 eliminacyjn\u0105 zgodnie z zaleceniami lekarza.[\/vc_column_text][\/vc_column][\/vc_row]<\/p>\n<\/div>","protected":false},"excerpt":{"rendered":"<p>[vc_row][vc_column][vc_column_text css=&#8221;&#8221;]Jad\u0142ospis 30.03.26-03.03.2026 (pdf 228 KB)[\/vc_column_text][vc_column_text css=&#8221;&#8221;]Alergeny Za\u0142\u0105cznik II &#8211; Rozporz\u0105dzenia Parlamentu Europejskiego i Rady (UE) nr 1169\/2011 [pdf 181 KB][\/vc_column_text][vc_column_text css=&#8221;&#8221;]Gramatura potraw Gramatura potraw [docx 19.7 KB][\/vc_column_text][\/vc_column][\/vc_row][vc_row][vc_column][vc_column_text]*W ci\u0105gu dnia [&hellip;]<\/p>\n","protected":false},"author":15,"featured_media":0,"parent":38,"menu_order":0,"comment_status":"closed","ping_status":"closed","template":"","meta":{"ngg_post_thumbnail":0,"footnotes":""},"class_list":["post-42","page","type-page","status-publish","hentry","clearfix"],"_links":{"self":[{"href":"https:\/\/przedszkole41.edu.wroclaw.pl\/index.php\/wp-json\/wp\/v2\/pages\/42","targetHints":{"allow":["GET"]}}],"collection":[{"href":"https:\/\/przedszkole41.edu.wroclaw.pl\/index.php\/wp-json\/wp\/v2\/pages"}],"about":[{"href":"https:\/\/przedszkole41.edu.wroclaw.pl\/index.php\/wp-json\/wp\/v2\/types\/page"}],"author":[{"embeddable":true,"href":"https:\/\/przedszkole41.edu.wroclaw.pl\/index.php\/wp-json\/wp\/v2\/users\/15"}],"replies":[{"embeddable":true,"href":"https:\/\/przedszkole41.edu.wroclaw.pl\/index.php\/wp-json\/wp\/v2\/comments?post=42"}],"version-history":[{"count":166,"href":"https:\/\/przedszkole41.edu.wroclaw.pl\/index.php\/wp-json\/wp\/v2\/pages\/42\/revisions"}],"predecessor-version":[{"id":3618,"href":"https:\/\/przedszkole41.edu.wroclaw.pl\/index.php\/wp-json\/wp\/v2\/pages\/42\/revisions\/3618"}],"up":[{"embeddable":true,"href":"https:\/\/przedszkole41.edu.wroclaw.pl\/index.php\/wp-json\/wp\/v2\/pages\/38"}],"wp:attachment":[{"href":"https:\/\/przedszkole41.edu.wroclaw.pl\/index.php\/wp-json\/wp\/v2\/media?parent=42"}],"curies":[{"name":"wp","href":"https:\/\/api.w.org\/{rel}","templated":true}]}}