
{"id":40,"date":"2016-02-22T10:17:09","date_gmt":"2016-02-22T09:17:09","guid":{"rendered":"https:\/\/przedszkole41.edu.wroclaw.pl\/?page_id=40"},"modified":"2024-08-06T11:41:49","modified_gmt":"2024-08-06T09:41:49","slug":"oplaty-za-przedszkole","status":"publish","type":"page","link":"https:\/\/przedszkole41.edu.wroclaw.pl\/index.php\/dla-rodzicow\/oplaty-za-przedszkole\/","title":{"rendered":"Op\u0142aty za przedszkole"},"content":{"rendered":"<div class=\"wpb-content-wrapper\"><p>[vc_row][vc_column][vc_column_text css=&#8221;&#8221;]<\/p>\n<ul>\n<li><span style=\"font-size: 14pt;\">\u015awiadczenia w zakresie nauczania, wychowania i opieki w wymiarze 5 godzin s\u0105 bezp\u0142atne.<\/span><\/li>\n<li><span style=\"font-size: 14pt;\">Pozosta\u0142e godziny s\u0105 p\u0142atne w wysoko\u015bci 1,44 z\u0142 za ka\u017cd\u0105 rozpocz\u0119t\u0105 godzin\u0119 faktycznego pobytu dziecka w przedszkolu.<\/span><\/li>\n<li><span style=\"font-size: 14pt;\">Zwalnia si\u0119 z op\u0142aty rodzic\u00f3w (opiekun\u00f3w prawnych) posiadaj\u0105cych, co najmniej troje dzieci pozostaj\u0105cych na ich utrzymaniu i we wsp\u00f3lnym gospodarstwie domowym (uwzgl\u0119dnia si\u0119 wy\u0142\u0105cznie dzieci pobieraj\u0105ce nauk\u0119, jednak nie d\u0142u\u017cej ni\u017c do uko\u0144czenia 24 roku \u017cycia). <strong>Druk zwolnienia z op\u0142at z tytu\u0142u wielodzietno\u015bci dost\u0119pny jest w zak\u0142adce <a href=\"https:\/\/przedszkole41.edu.wroclaw.pl\/index.php\/druki-do-pobrania\/\">&#8222;Druki do pobrania&#8221;<\/a> &#8211; wype\u0142niony druk nale\u017cy dostarczy\u0107 do sekretariatu plac\u00f3wki.<\/strong><\/span><\/li>\n<li><span style=\"font-size: 14pt;\">Nie pobiera si\u0119 op\u0142aty za korzystanie z wychowania przedszkolnego w danym roku szkolnym, je\u015bli dziecko realizuje roczny obowi\u0105zek przygotowania przedszkolnego. Dzieci sze\u015bcioletnie.<\/span><\/li>\n<li><span style=\"font-size: 14pt;\">Koszt wy\u017cywienia: dzienna stawka \u017cywieniowa wynosi &#8211; <strong>12.00 z\u0142<\/strong>.<\/span><\/li>\n<li><span style=\"font-size: 14pt;\">Koszty pobytu dziecka w przedszkolu oraz op\u0142aty za wy\u017cywienie przesy\u0142ane s\u0105 drog\u0105 mailow\u0105 poprzez system elektroniczny CARJO.<\/span><\/li>\n<li><span style=\"font-size: 14pt;\">Rodzice maj\u0105 obowi\u0105zek ui\u015bci\u0107 nale\u017cno\u015b\u0107 <strong>do 15 dnia danego miesi\u0105ca za poprzedni okres rozliczeniowy t.j. poprzedni miesi\u0105c.<\/strong><\/span><\/li>\n<li><span style=\"font-size: 14pt;\">Ka\u017cde op\u00f3\u017anienie powoduje naliczenie ustawowych odsetek oraz uruchamia procedur\u0119 windykacji nale\u017cno\u015bci.<\/span><\/li>\n<li><span style=\"font-size: 14pt;\">Nie podpisujemy z Pa\u0144stwem um\u00f3w o o\u015bwiadczenie us\u0142ug z przedszkolem, gdy\u017c nie ma podstaw prawnych do zawierania przez Dyrektor\u00f3w przedszkoli miejskich um\u00f3w cywilnoprawnych z rodzicami. Dzieci przyjmowane s\u0105 do przedszkola na podstawie wniosk\u00f3w rekrutacyjnych. Dodatkowo, sk\u0142adacie Pa\u0144stwo DEKLARACJ\u0118 POBYTU DZIECKA W PRZEDSZKOLU &#8211; druk dost\u0119pny jest w zak\u0142adce <a href=\"https:\/\/przedszkole41.edu.wroclaw.pl\/index.php\/druki-do-pobrania\/\"><strong>\u201eDruki do pobrania\u201d<\/strong><\/a>.<\/span><\/li>\n<li><span style=\"font-size: 14pt;\">Prosimy o zapoznanie si\u0119 z Zasadami korzystania z elektronicznej ewidencji, w zak\u0142adce <strong><a href=\"https:\/\/przedszkole41.edu.wroclaw.pl\/index.php\/druki-do-pobrania\/\">\u201eDruki do pobrania\u201d<\/a>.<\/strong><\/span><\/li>\n<\/ul>\n<p>&nbsp;<\/p>\n<p><span style=\"font-size: 14pt;\">Podstawa prawna:<\/span><\/p>\n<p><span style=\"font-size: 14pt;\">&#8211; Ustawa z dnia 27 pa\u017adziernika 2017 roku o finansowaniu zada\u0144 o\u015bwiatowych (Dz. U. 2017 poz. 2203)<\/span><\/p>\n<p><span style=\"font-size: 14pt;\">&#8211; Uchwa\u0142a Nr III\/18\/24 Rady Miejskiej Wroc\u0142awia z dnia&nbsp;<span id=\"OBJ_PREFIX_DWT13722_com_zimbra_date\" class=\"Object\" role=\"link\"><span id=\"OBJ_PREFIX_DWT13726_com_zimbra_date\" class=\"Object\" role=\"link\">6 czerwca 2024<\/span><\/span>&nbsp;r.&nbsp;w sprawie ustalenia czasu bezp\u0142atnego nauczania i opieki oraz wysoko\u015bci op\u0142aty za korzystanie z wychowania przedszkolnego w przedszkolach publicznych prowadzonych przez gmin\u0119.<\/span><\/p>\n<p><span style=\"font-size: 14pt;\">&nbsp;<\/span><\/p>\n<p>&nbsp;[\/vc_column_text][\/vc_column][\/vc_row]<\/p>\n<\/div>","protected":false},"excerpt":{"rendered":"<p>[vc_row][vc_column][vc_column_text css=&#8221;&#8221;] \u015awiadczenia w zakresie nauczania, wychowania i opieki w wymiarze 5 godzin s\u0105 bezp\u0142atne. Pozosta\u0142e godziny s\u0105 p\u0142atne w wysoko\u015bci 1,44 z\u0142 za ka\u017cd\u0105 rozpocz\u0119t\u0105 godzin\u0119 faktycznego pobytu dziecka [&hellip;]<\/p>\n","protected":false},"author":15,"featured_media":0,"parent":38,"menu_order":0,"comment_status":"closed","ping_status":"closed","template":"","meta":{"ngg_post_thumbnail":0,"footnotes":""},"class_list":["post-40","page","type-page","status-publish","hentry","clearfix"],"_links":{"self":[{"href":"https:\/\/przedszkole41.edu.wroclaw.pl\/index.php\/wp-json\/wp\/v2\/pages\/40","targetHints":{"allow":["GET"]}}],"collection":[{"href":"https:\/\/przedszkole41.edu.wroclaw.pl\/index.php\/wp-json\/wp\/v2\/pages"}],"about":[{"href":"https:\/\/przedszkole41.edu.wroclaw.pl\/index.php\/wp-json\/wp\/v2\/types\/page"}],"author":[{"embeddable":true,"href":"https:\/\/przedszkole41.edu.wroclaw.pl\/index.php\/wp-json\/wp\/v2\/users\/15"}],"replies":[{"embeddable":true,"href":"https:\/\/przedszkole41.edu.wroclaw.pl\/index.php\/wp-json\/wp\/v2\/comments?post=40"}],"version-history":[{"count":17,"href":"https:\/\/przedszkole41.edu.wroclaw.pl\/index.php\/wp-json\/wp\/v2\/pages\/40\/revisions"}],"predecessor-version":[{"id":2569,"href":"https:\/\/przedszkole41.edu.wroclaw.pl\/index.php\/wp-json\/wp\/v2\/pages\/40\/revisions\/2569"}],"up":[{"embeddable":true,"href":"https:\/\/przedszkole41.edu.wroclaw.pl\/index.php\/wp-json\/wp\/v2\/pages\/38"}],"wp:attachment":[{"href":"https:\/\/przedszkole41.edu.wroclaw.pl\/index.php\/wp-json\/wp\/v2\/media?parent=40"}],"curies":[{"name":"wp","href":"https:\/\/api.w.org\/{rel}","templated":true}]}}