
{"id":2196,"date":"2023-09-25T10:40:21","date_gmt":"2023-09-25T08:40:21","guid":{"rendered":"https:\/\/przedszkole41.edu.wroclaw.pl\/?page_id=2196"},"modified":"2025-12-19T09:49:06","modified_gmt":"2025-12-19T08:49:06","slug":"pedagog-specjalny","status":"publish","type":"page","link":"https:\/\/przedszkole41.edu.wroclaw.pl\/index.php\/dla-rodzicow\/wspolpraca-z-poradnia-psychologiczno-pedagogiczna\/pedagog-specjalny\/","title":{"rendered":"Pedagog specjalny"},"content":{"rendered":"<div class=\"wpb-content-wrapper\"><p>[vc_row][vc_column][vc_column_text css=&#8221;&#8221;]<span style=\"font-size: 14pt;\"><strong>Pani Joanna<\/strong><\/span><\/p>\n<p><span style=\"font-size: 14pt;\">\u015aRODA, CZWARTEK, PI\u0104TEK 9:00-13:00<\/span><\/p>\n<p><span style=\"font-size: 14pt;\">Konsultacje wed\u0142ug potrzeb<\/span>[\/vc_column_text][vc_column_text]<\/p>\n<h3>Praca pedagoga specjalnego w przedszkolu skupia si\u0119 na wieloaspektowej pomocy dzieciom, kt\u00f3re mog\u0105 potrzebowa\u0107 dodatkowego wsparcia w rozwoju. Pedagog specjalny prowadzi zaj\u0119cia rozwijaj\u0105ce kompetencje emocjonalno-spo\u0142eczne w ma\u0142ych grupach, co pozwala na indywidualne podej\u015bcie i&nbsp;skuteczniejsz\u0105 prac\u0119 z dzie\u0107mi. Tego rodzaju zaj\u0119cia pomagaj\u0105 naszym przedszkolakom lepiej rozumie\u0107 i wyra\u017ca\u0107 emocje, nawi\u0105zywa\u0107 relacje r\u00f3wie\u015bnicze oraz radzi\u0107 sobie w codziennych sytuacjach.<\/h3>\n<h3>Dodatkowo pedagog specjalny prowadzi warsztaty rozwijaj\u0105ce kompetencje emocjonalno-spo\u0142eczne w grupach 5- i 6-latk\u00f3w. S\u0105 to zaj\u0119cia, podczas kt\u00f3rych dzieci ucz\u0105 si\u0119 wsp\u00f3\u0142pracy, empatii, radzenia sobie z wyzwaniami, a tak\u017ce rozwijaj\u0105 umiej\u0119tno\u015bci samo\u015bwiadomo\u015bci i samooceny. Dzi\u0119ki nim dzieci poznaj\u0105 narz\u0119dzia, kt\u00f3re pomagaj\u0105 im lepiej funkcjonowa\u0107 w \u015brodowisku przedszkolnym i codziennym \u017cyciu.<\/h3>\n<h3>Pedagog specjalny wsp\u00f3\u0142pracuje tak\u017ce z nauczycielami oraz rodzicami, aby tworzy\u0107 sp\u00f3jny system wsparcia rozwoju dzieci. Na bie\u017c\u0105co monitorowane s\u0105 potrzeby dziecka i w miar\u0119 mo\u017cliwo\u015bci dostosowywane metody pracy, bazuj\u0105ce na indywidualnym podej\u015bciu.<\/h3>\n<h2><strong>&nbsp;<\/strong><\/h2>\n<p>[\/vc_column_text][\/vc_column][\/vc_row]<\/p>\n<\/div>","protected":false},"excerpt":{"rendered":"<p>[vc_row][vc_column][vc_column_text css=&#8221;&#8221;]Pani Joanna \u015aRODA, CZWARTEK, PI\u0104TEK 9:00-13:00 Konsultacje wed\u0142ug potrzeb[\/vc_column_text][vc_column_text] Praca pedagoga specjalnego w przedszkolu skupia si\u0119 na wieloaspektowej pomocy dzieciom, kt\u00f3re mog\u0105 potrzebowa\u0107 dodatkowego wsparcia w rozwoju. Pedagog specjalny [&hellip;]<\/p>\n","protected":false},"author":72,"featured_media":0,"parent":46,"menu_order":0,"comment_status":"closed","ping_status":"closed","template":"","meta":{"ngg_post_thumbnail":0,"footnotes":""},"class_list":["post-2196","page","type-page","status-publish","hentry","clearfix"],"_links":{"self":[{"href":"https:\/\/przedszkole41.edu.wroclaw.pl\/index.php\/wp-json\/wp\/v2\/pages\/2196","targetHints":{"allow":["GET"]}}],"collection":[{"href":"https:\/\/przedszkole41.edu.wroclaw.pl\/index.php\/wp-json\/wp\/v2\/pages"}],"about":[{"href":"https:\/\/przedszkole41.edu.wroclaw.pl\/index.php\/wp-json\/wp\/v2\/types\/page"}],"author":[{"embeddable":true,"href":"https:\/\/przedszkole41.edu.wroclaw.pl\/index.php\/wp-json\/wp\/v2\/users\/72"}],"replies":[{"embeddable":true,"href":"https:\/\/przedszkole41.edu.wroclaw.pl\/index.php\/wp-json\/wp\/v2\/comments?post=2196"}],"version-history":[{"count":6,"href":"https:\/\/przedszkole41.edu.wroclaw.pl\/index.php\/wp-json\/wp\/v2\/pages\/2196\/revisions"}],"predecessor-version":[{"id":3414,"href":"https:\/\/przedszkole41.edu.wroclaw.pl\/index.php\/wp-json\/wp\/v2\/pages\/2196\/revisions\/3414"}],"up":[{"embeddable":true,"href":"https:\/\/przedszkole41.edu.wroclaw.pl\/index.php\/wp-json\/wp\/v2\/pages\/46"}],"wp:attachment":[{"href":"https:\/\/przedszkole41.edu.wroclaw.pl\/index.php\/wp-json\/wp\/v2\/media?parent=2196"}],"curies":[{"name":"wp","href":"https:\/\/api.w.org\/{rel}","templated":true}]}}