
{"id":15,"date":"2016-02-22T10:12:19","date_gmt":"2016-02-22T09:12:19","guid":{"rendered":"https:\/\/przedszkole41.edu.wroclaw.pl\/?page_id=15"},"modified":"2025-12-30T14:17:34","modified_gmt":"2025-12-30T13:17:34","slug":"strona-glowna","status":"publish","type":"page","link":"https:\/\/przedszkole41.edu.wroclaw.pl\/","title":{"rendered":"Strona g\u0142\u00f3wna"},"content":{"rendered":"<div class=\"wpb-content-wrapper\"><p>[vc_row][vc_column width=&#8221;1\/6&#8243;][vc_raw_html]JTNDZGl2JTIwc3R5bGUlM0QlMjJmb250LXNpemUlM0ElMjAyMHB4JTNCJTIwdGV4dC1hbGlnbiUzQSUyMGNlbnRlciUzQiUyMGZvbnQtd2VpZ2h0JTNBJTIwYm9sZCUzQiUyMHBhZGRpbmclM0ElMjAwcHglMjAlMjIlM0UlMEElM0NhJTIwaHJlZiUzRCUyMmh0dHBzJTNBJTJGJTJGcHJ6ZWRzemtvbGU0MS5lZHUud3JvY2xhdy5wbCUyRmluZGV4LnBocCUyRm8tcHJ6ZWRzemtvbHUtMi0yJTJGJTIyJTNFJTNDaW1nJTIwc3JjJTNEJTIyaHR0cHMlM0ElMkYlMkZwcnplZHN6a29sZTQxLmVkdS53cm9jbGF3LnBsJTJGd3AtY29udGVudCUyRnVwbG9hZHMlMkZzaXRlcyUyRjE5JTJGMjAyMSUyRjA2JTJGby1wcnplZHN6a29sdS5wbmclMjIlMjBhbHQlM0QlMjJPJTIwcHJ6ZWRzemtvbHUlMjIlM0UlM0MlMkZhJTNFJTBBJTNDJTJGZGl2JTNF[\/vc_raw_html][\/vc_column][vc_column width=&#8221;1\/6&#8243;][vc_raw_html]JTNDZGl2JTIwc3R5bGUlM0QlMjJmb250LXNpemUlM0ElMjAyMHB4JTNCJTIwdGV4dC1hbGlnbiUzQSUyMGNlbnRlciUzQiUyMGZvbnQtd2VpZ2h0JTNBJTIwYm9sZCUzQiUyMHBhZGRpbmclM0ElMjAwcHglMjAlMjIlM0UlMEElM0NhJTIwaHJlZiUzRCUyMmh0dHBzJTNBJTJGJTJGcHJ6ZWRzemtvbGU0MS5lZHUud3JvY2xhdy5wbCUyRmluZGV4LnBocCUyRmdhbGVyaWElMkYlMjIlM0UlM0NpbWclMjBzcmMlM0QlMjJodHRwcyUzQSUyRiUyRnByemVkc3prb2xlNDEuZWR1Lndyb2NsYXcucGwlMkZ3cC1jb250ZW50JTJGdXBsb2FkcyUyRnNpdGVzJTJGMTklMkYyMDIxJTJGMDclMkZnYWxlcmlhLnBuZyUyMiUyMGFsdCUzRCUyMkdhbGVyaWElMjIlM0UlM0MlMkZhJTNFJTBBJTNDJTJGZGl2JTNF[\/vc_raw_html][\/vc_column][vc_column width=&#8221;1\/6&#8243;][vc_raw_html]JTNDZGl2JTIwc3R5bGUlM0QlMjJmb250LXNpemUlM0ElMjAyMHB4JTNCJTIwdGV4dC1hbGlnbiUzQSUyMGNlbnRlciUzQiUyMGZvbnQtd2VpZ2h0JTNBJTIwYm9sZCUzQiUyMHBhZGRpbmclM0ElMjAwcHglMjAlMjIlM0UlMEElM0NhJTIwaHJlZiUzRCUyMmh0dHBzJTNBJTJGJTJGcHJ6ZWRzemtvbGU0MS5lZHUud3JvY2xhdy5wbCUyRmluZGV4LnBocCUyRm9zaWFnbmllY2lhLWktY2VydHlmaWthdHklMkYlMjIlM0UlM0NpbWclMjBzcmMlM0QlMjJodHRwcyUzQSUyRiUyRnByemVkc3prb2xlNDEuZWR1Lndyb2NsYXcucGwlMkZ3cC1jb250ZW50JTJGdXBsb2FkcyUyRnNpdGVzJTJGMTklMkYyMDIxJTJGMDYlMkZjZXJ0eWZpa2F0eS5wbmclMjIlMjBhbHQlM0QlMjJPc2klQzQlODVnbmklQzQlOTljaWElMjBpJTIwY2VydHlmaWthdHklMjIlM0UlM0MlMkZhJTNFJTBBJTNDJTJGZGl2JTNF[\/vc_raw_html][\/vc_column][vc_column width=&#8221;1\/6&#8243;][vc_raw_html]JTNDZGl2JTIwc3R5bGUlM0QlMjJmb250LXNpemUlM0ElMjAyMHB4JTNCJTIwdGV4dC1hbGlnbiUzQSUyMGNlbnRlciUzQiUyMGZvbnQtd2VpZ2h0JTNBJTIwYm9sZCUzQiUyMHBhZGRpbmclM0ElMjAwcHglMjAlMjIlM0UlMEElM0NhJTIwaHJlZiUzRCUyMmh0dHBzJTNBJTJGJTJGcHJ6ZWRzemtvbGU0MS5lZHUud3JvY2xhdy5wbCUyRmluZGV4LnBocCUyRmRydWtpLWRvLXBvYnJhbmlhJTJGJTIyJTNFJTNDaW1nJTIwc3JjJTNEJTIyaHR0cHMlM0ElMkYlMkZwcnplZHN6a29sZTQxLmVkdS53cm9jbGF3LnBsJTJGd3AtY29udGVudCUyRnVwbG9hZHMlMkZzaXRlcyUyRjE5JTJGMjAyMSUyRjA2JTJGZHJ1a2kucG5nJTIyJTIwYWx0JTNEJTIyRHJ1a2klMjBkbyUyMHBvYnJhbmlhJTIyJTNFJTNDJTJGYSUzRSUwQSUzQyUyRmRpdiUzRQ==[\/vc_raw_html][\/vc_column][vc_column width=&#8221;1\/6&#8243;][vc_raw_html]JTNDZGl2JTIwc3R5bGUlM0QlMjJmb250LXNpemUlM0ElMjAyMHB4JTNCJTIwdGV4dC1hbGlnbiUzQSUyMGNlbnRlciUzQiUyMGZvbnQtd2VpZ2h0JTNBJTIwYm9sZCUzQiUyMHBhZGRpbmclM0ElMjAwcHglMjAlMjIlM0UlMEElM0NhJTIwaHJlZiUzRCUyMmh0dHBzJTNBJTJGJTJGcHJ6ZWRzemtvbGU0MS5lZHUud3JvY2xhdy5wbCUyRmluZGV4LnBocCUyRnJla3J1dGFjamEtMiUyRiUyMiUzRSUzQ2ltZyUyMHNyYyUzRCUyMmh0dHBzJTNBJTJGJTJGcHJ6ZWRzemtvbGU0MS5lZHUud3JvY2xhdy5wbCUyRndwLWNvbnRlbnQlMkZ1cGxvYWRzJTJGc2l0ZXMlMkYxOSUyRjIwMjElMkYwNiUyRnJla3J1dGFjamEucG5nJTIyJTIwYWx0JTNEJTIyUmVrcnV0YWNqYSUyMiUzRSUzQyUyRmElM0UlMEElM0MlMkZkaXYlM0U=[\/vc_raw_html][\/vc_column][vc_column width=&#8221;1\/6&#8243;][vc_raw_html css=&#8221;&#8221;]JTNDZGl2JTIwc3R5bGUlM0QlMjJmb250LXNpemUlM0ElMjAyMHB4JTNCJTIwdGV4dC1hbGlnbiUzQSUyMGNlbnRlciUzQiUyMGZvbnQtd2VpZ2h0JTNBJTIwYm9sZCUzQiUyMHBhZGRpbmclM0ElMjAwcHglMjAlMjIlM0UlMEElM0NhJTIwaHJlZiUzRCUyMiUyRmluZGV4LnBocCUyRmplenlrLWFuZ2llbHNraSUyRiUyMiUzRSUzQ2ltZyUyMHNyYyUzRCUyMiUyRndwLWNvbnRlbnQlMkZ1cGxvYWRzJTJGc2l0ZXMlMkYxOSUyRjIwMjQlMkYxMCUyRmotYW5naWVsc2tpLWYucG5nJTIyJTIwYWx0JTNEJTIySiVDNCU5OXp5ayUyMGFuZ2llbHNraSUyMiUzRSUzQyUyRmElM0UlMEElM0MlMkZkaXYlM0U=[\/vc_raw_html][\/vc_column][\/vc_row][vc_row full_width=&#8221;stretch_row&#8221; css=&#8221;.vc_custom_1741341610300{background-color: #F2F2C3 !important;}&#8221;][vc_column][vc_column_text css=&#8221;.vc_custom_1741342599340{margin-bottom: -5px !important;}&#8221;]<\/p>\n<p style=\"text-align: center;\"><span style=\"font-size: 26pt;\"><strong><span style=\"color: #c80000;\">Poszerzenie oferty przedszkola o profil muzyczny&nbsp;<\/span> <img loading=\"lazy\" decoding=\"async\" class=\"wp-image-2957 alignnone\" src=\"https:\/\/przedszkole41.edu.wroclaw.pl\/wp-content\/uploads\/sites\/19\/2021\/04\/klucz_maly.png\" alt=\"klucz wiolinowy ma\u0142y\" width=\"67\" height=\"117\"><\/strong><\/span><\/p>\n<p>[\/vc_column_text][vc_row_inner][vc_column_inner width=&#8221;1\/2&#8243;][vc_column_text css=&#8221;&#8221;]<strong><span style=\"font-size: 16pt;\">Dodatkowe zaj\u0119cia muzyczne:<\/span><\/strong><\/p>\n<ul style=\"font-weight: 400; padding-left: 40px;\">\n<li><span style=\"font-size: 14pt;\">rytmika<\/span><\/li>\n<li><span style=\"font-size: 14pt;\">taniec<\/span><\/li>\n<li><span style=\"font-size: 14pt;\">\u015bpiew<\/span><\/li>\n<li><span style=\"font-size: 14pt;\">logorytmika<\/span><\/li>\n<\/ul>\n<p><strong><span style=\"font-size: 14pt;\">Zespo\u0142y:<\/span><\/strong><\/p>\n<ul style=\"font-weight: 400; padding-left: 40px;\">\n<li><span style=\"font-size: 14pt;\">Taneczny<\/span><\/li>\n<li><span style=\"font-size: 14pt;\">Wokalny<\/span><\/li>\n<li><span style=\"font-size: 14pt;\">Instrumentalny<\/span><\/li>\n<\/ul>\n<p>[\/vc_column_text][\/vc_column_inner][vc_column_inner width=&#8221;1\/2&#8243;][vc_column_text css=&#8221;&#8221;]<strong><span style=\"font-size: 16pt;\">Wsp\u00f3\u0142praca:<\/span><\/strong><\/p>\n<ul style=\"font-weight: 400; padding-left: 40px;\">\n<li><span style=\"font-size: 14pt;\">Narodowe Forum Muzyki<\/span><\/li>\n<li><span style=\"font-size: 14pt;\">Akademia Muzyczna<\/span><\/li>\n<li><span style=\"font-size: 14pt;\">Pa\u0144stwowe Szko\u0142y Muzyczne<\/span><\/li>\n<\/ul>\n<p>&nbsp;<br \/>\n<strong><span style=\"font-size: 16pt;\">Prowadzimy:<\/span><\/strong><\/p>\n<ul style=\"font-weight: 400; padding-left: 40px;\">\n<li><span style=\"font-size: 14pt;\">Badania predyspozycji muzycznych dzieci 6 letnich<\/span><\/li>\n<li><span style=\"font-size: 14pt;\">Zaj\u0119cia nauki gry na instrumentach dzieci 6 letnich<\/span><\/li>\n<li><span style=\"font-size: 14pt;\">Przygotowanie do przes\u0142ucha\u0144 wst\u0119pnych do szk\u00f3\u0142 muzycznych<\/span><\/li>\n<\/ul>\n<p>[\/vc_column_text][\/vc_column_inner][\/vc_row_inner][\/vc_column][\/vc_row][vc_row][vc_column][vc_empty_space][vc_column_text css=&#8221;.vc_custom_1624963032219{margin-bottom: -5px !important;}&#8221;]<\/p>\n<p style=\"text-align: center;\"><span style=\"font-size: 26pt;\"><strong>Aktualno\u015bci<\/strong><\/span><\/p>\n<p>[\/vc_column_text][vc_separator color=&#8221;custom&#8221; border_width=&#8221;4&#8243; el_width=&#8221;30&#8243; css=&#8221;.vc_custom_1624963062780{padding-top: -20px !important;}&#8221; accent_color=&#8221;#0f0be8&#8243;][vc_basic_grid post_type=&#8221;post&#8221; max_items=&#8221;6&#8243; element_width=&#8221;2&#8243; grid_id=&#8221;vc_gid:1767100648689-649823b1-54c5-2&#8243; taxonomies=&#8221;5&#8243;][\/vc_column][\/vc_row][vc_row][vc_column][vc_column_text]&#8221;Sprawozdanie finansowe jednostki za rok 2023 zosta\u0142o opublikowane na stronie https:\/\/bip.cui.wroclaw.pl\/ w zak\u0142adce Sprawozdania finansowe obs\u0142ugiwanych jednostek o\u015bwiatowych&#8221;[\/vc_column_text][\/vc_column][\/vc_row]<\/p>\n<\/div>","protected":false},"excerpt":{"rendered":"<p>[vc_row][vc_column width=&#8221;1\/6&#8243;][vc_raw_html]JTNDZGl2JTIwc3R5bGUlM0QlMjJmb250LXNpemUlM0ElMjAyMHB4JTNCJTIwdGV4dC1hbGlnbiUzQSUyMGNlbnRlciUzQiUyMGZvbnQtd2VpZ2h0JTNBJTIwYm9sZCUzQiUyMHBhZGRpbmclM0ElMjAwcHglMjAlMjIlM0UlMEElM0NhJTIwaHJlZiUzRCUyMmh0dHBzJTNBJTJGJTJGcHJ6ZWRzemtvbGU0MS5lZHUud3JvY2xhdy5wbCUyRmluZGV4LnBocCUyRm8tcHJ6ZWRzemtvbHUtMi0yJTJGJTIyJTNFJTNDaW1nJTIwc3JjJTNEJTIyaHR0cHMlM0ElMkYlMkZwcnplZHN6a29sZTQxLmVkdS53cm9jbGF3LnBsJTJGd3AtY29udGVudCUyRnVwbG9hZHMlMkZzaXRlcyUyRjE5JTJGMjAyMSUyRjA2JTJGby1wcnplZHN6a29sdS5wbmclMjIlMjBhbHQlM0QlMjJPJTIwcHJ6ZWRzemtvbHUlMjIlM0UlM0MlMkZhJTNFJTBBJTNDJTJGZGl2JTNF[\/vc_raw_html][\/vc_column][vc_column width=&#8221;1\/6&#8243;][vc_raw_html]JTNDZGl2JTIwc3R5bGUlM0QlMjJmb250LXNpemUlM0ElMjAyMHB4JTNCJTIwdGV4dC1hbGlnbiUzQSUyMGNlbnRlciUzQiUyMGZvbnQtd2VpZ2h0JTNBJTIwYm9sZCUzQiUyMHBhZGRpbmclM0ElMjAwcHglMjAlMjIlM0UlMEElM0NhJTIwaHJlZiUzRCUyMmh0dHBzJTNBJTJGJTJGcHJ6ZWRzemtvbGU0MS5lZHUud3JvY2xhdy5wbCUyRmluZGV4LnBocCUyRmdhbGVyaWElMkYlMjIlM0UlM0NpbWclMjBzcmMlM0QlMjJodHRwcyUzQSUyRiUyRnByemVkc3prb2xlNDEuZWR1Lndyb2NsYXcucGwlMkZ3cC1jb250ZW50JTJGdXBsb2FkcyUyRnNpdGVzJTJGMTklMkYyMDIxJTJGMDclMkZnYWxlcmlhLnBuZyUyMiUyMGFsdCUzRCUyMkdhbGVyaWElMjIlM0UlM0MlMkZhJTNFJTBBJTNDJTJGZGl2JTNF[\/vc_raw_html][\/vc_column][vc_column width=&#8221;1\/6&#8243;][vc_raw_html]JTNDZGl2JTIwc3R5bGUlM0QlMjJmb250LXNpemUlM0ElMjAyMHB4JTNCJTIwdGV4dC1hbGlnbiUzQSUyMGNlbnRlciUzQiUyMGZvbnQtd2VpZ2h0JTNBJTIwYm9sZCUzQiUyMHBhZGRpbmclM0ElMjAwcHglMjAlMjIlM0UlMEElM0NhJTIwaHJlZiUzRCUyMmh0dHBzJTNBJTJGJTJGcHJ6ZWRzemtvbGU0MS5lZHUud3JvY2xhdy5wbCUyRmluZGV4LnBocCUyRm9zaWFnbmllY2lhLWktY2VydHlmaWthdHklMkYlMjIlM0UlM0NpbWclMjBzcmMlM0QlMjJodHRwcyUzQSUyRiUyRnByemVkc3prb2xlNDEuZWR1Lndyb2NsYXcucGwlMkZ3cC1jb250ZW50JTJGdXBsb2FkcyUyRnNpdGVzJTJGMTklMkYyMDIxJTJGMDYlMkZjZXJ0eWZpa2F0eS5wbmclMjIlMjBhbHQlM0QlMjJPc2klQzQlODVnbmklQzQlOTljaWElMjBpJTIwY2VydHlmaWthdHklMjIlM0UlM0MlMkZhJTNFJTBBJTNDJTJGZGl2JTNF[\/vc_raw_html][\/vc_column][vc_column width=&#8221;1\/6&#8243;][vc_raw_html]JTNDZGl2JTIwc3R5bGUlM0QlMjJmb250LXNpemUlM0ElMjAyMHB4JTNCJTIwdGV4dC1hbGlnbiUzQSUyMGNlbnRlciUzQiUyMGZvbnQtd2VpZ2h0JTNBJTIwYm9sZCUzQiUyMHBhZGRpbmclM0ElMjAwcHglMjAlMjIlM0UlMEElM0NhJTIwaHJlZiUzRCUyMmh0dHBzJTNBJTJGJTJGcHJ6ZWRzemtvbGU0MS5lZHUud3JvY2xhdy5wbCUyRmluZGV4LnBocCUyRmRydWtpLWRvLXBvYnJhbmlhJTJGJTIyJTNFJTNDaW1nJTIwc3JjJTNEJTIyaHR0cHMlM0ElMkYlMkZwcnplZHN6a29sZTQxLmVkdS53cm9jbGF3LnBsJTJGd3AtY29udGVudCUyRnVwbG9hZHMlMkZzaXRlcyUyRjE5JTJGMjAyMSUyRjA2JTJGZHJ1a2kucG5nJTIyJTIwYWx0JTNEJTIyRHJ1a2klMjBkbyUyMHBvYnJhbmlhJTIyJTNFJTNDJTJGYSUzRSUwQSUzQyUyRmRpdiUzRQ==[\/vc_raw_html][\/vc_column][vc_column width=&#8221;1\/6&#8243;][vc_raw_html]JTNDZGl2JTIwc3R5bGUlM0QlMjJmb250LXNpemUlM0ElMjAyMHB4JTNCJTIwdGV4dC1hbGlnbiUzQSUyMGNlbnRlciUzQiUyMGZvbnQtd2VpZ2h0JTNBJTIwYm9sZCUzQiUyMHBhZGRpbmclM0ElMjAwcHglMjAlMjIlM0UlMEElM0NhJTIwaHJlZiUzRCUyMmh0dHBzJTNBJTJGJTJGcHJ6ZWRzemtvbGU0MS5lZHUud3JvY2xhdy5wbCUyRmluZGV4LnBocCUyRnJla3J1dGFjamEtMiUyRiUyMiUzRSUzQ2ltZyUyMHNyYyUzRCUyMmh0dHBzJTNBJTJGJTJGcHJ6ZWRzemtvbGU0MS5lZHUud3JvY2xhdy5wbCUyRndwLWNvbnRlbnQlMkZ1cGxvYWRzJTJGc2l0ZXMlMkYxOSUyRjIwMjElMkYwNiUyRnJla3J1dGFjamEucG5nJTIyJTIwYWx0JTNEJTIyUmVrcnV0YWNqYSUyMiUzRSUzQyUyRmElM0UlMEElM0MlMkZkaXYlM0U=[\/vc_raw_html][\/vc_column][vc_column width=&#8221;1\/6&#8243;][vc_raw_html css=&#8221;&#8221;]JTNDZGl2JTIwc3R5bGUlM0QlMjJmb250LXNpemUlM0ElMjAyMHB4JTNCJTIwdGV4dC1hbGlnbiUzQSUyMGNlbnRlciUzQiUyMGZvbnQtd2VpZ2h0JTNBJTIwYm9sZCUzQiUyMHBhZGRpbmclM0ElMjAwcHglMjAlMjIlM0UlMEElM0NhJTIwaHJlZiUzRCUyMiUyRmluZGV4LnBocCUyRmplenlrLWFuZ2llbHNraSUyRiUyMiUzRSUzQ2ltZyUyMHNyYyUzRCUyMiUyRndwLWNvbnRlbnQlMkZ1cGxvYWRzJTJGc2l0ZXMlMkYxOSUyRjIwMjQlMkYxMCUyRmotYW5naWVsc2tpLWYucG5nJTIyJTIwYWx0JTNEJTIySiVDNCU5OXp5ayUyMGFuZ2llbHNraSUyMiUzRSUzQyUyRmElM0UlMEElM0MlMkZkaXYlM0U=[\/vc_raw_html][\/vc_column][\/vc_row][vc_row full_width=&#8221;stretch_row&#8221; css=&#8221;.vc_custom_1741341610300{background-color: #F2F2C3 !important;}&#8221;][vc_column][vc_column_text css=&#8221;.vc_custom_1741342599340{margin-bottom: -5px !important;}&#8221;] Poszerzenie oferty przedszkola o profil muzyczny&nbsp; [\/vc_column_text][vc_row_inner][vc_column_inner width=&#8221;1\/2&#8243;][vc_column_text css=&#8221;&#8221;]Dodatkowe zaj\u0119cia muzyczne: rytmika taniec \u015bpiew logorytmika [&hellip;]<\/p>\n","protected":false},"author":15,"featured_media":0,"parent":0,"menu_order":0,"comment_status":"closed","ping_status":"closed","template":"","meta":{"ngg_post_thumbnail":0,"footnotes":""},"class_list":["post-15","page","type-page","status-publish","hentry","clearfix"],"_links":{"self":[{"href":"https:\/\/przedszkole41.edu.wroclaw.pl\/index.php\/wp-json\/wp\/v2\/pages\/15","targetHints":{"allow":["GET"]}}],"collection":[{"href":"https:\/\/przedszkole41.edu.wroclaw.pl\/index.php\/wp-json\/wp\/v2\/pages"}],"about":[{"href":"https:\/\/przedszkole41.edu.wroclaw.pl\/index.php\/wp-json\/wp\/v2\/types\/page"}],"author":[{"embeddable":true,"href":"https:\/\/przedszkole41.edu.wroclaw.pl\/index.php\/wp-json\/wp\/v2\/users\/15"}],"replies":[{"embeddable":true,"href":"https:\/\/przedszkole41.edu.wroclaw.pl\/index.php\/wp-json\/wp\/v2\/comments?post=15"}],"version-history":[{"count":142,"href":"https:\/\/przedszkole41.edu.wroclaw.pl\/index.php\/wp-json\/wp\/v2\/pages\/15\/revisions"}],"predecessor-version":[{"id":3434,"href":"https:\/\/przedszkole41.edu.wroclaw.pl\/index.php\/wp-json\/wp\/v2\/pages\/15\/revisions\/3434"}],"wp:attachment":[{"href":"https:\/\/przedszkole41.edu.wroclaw.pl\/index.php\/wp-json\/wp\/v2\/media?parent=15"}],"curies":[{"name":"wp","href":"https:\/\/api.w.org\/{rel}","templated":true}]}}