
{"id":1389,"date":"2021-12-13T06:27:49","date_gmt":"2021-12-13T05:27:49","guid":{"rendered":"https:\/\/przedszkole41.edu.wroclaw.pl\/?page_id=1389"},"modified":"2025-02-13T15:38:58","modified_gmt":"2025-02-13T14:38:58","slug":"zapytania-ofertowe","status":"publish","type":"page","link":"https:\/\/przedszkole41.edu.wroclaw.pl\/index.php\/zapytania-ofertowe\/","title":{"rendered":"Zapytania ofertowe"},"content":{"rendered":"<div class=\"wpb-content-wrapper\"><p>[vc_row][vc_column][vc_column_text css=&#8221;&#8221;]<strong>2024\/25<\/strong><\/p>\n<p><strong><a href=\"https:\/\/przedszkole41.edu.wroclaw.pl\/wp-content\/uploads\/sites\/19\/2025\/02\/Oferta-inwentaryzacja-i-wycinka-docx-14.7-KB.docx\">Oferta &#8211; inwentaryzacja i wycinka [docx 14.7 KB]<\/a><\/strong><\/p>\n<p><strong><a href=\"https:\/\/przedszkole41.edu.wroclaw.pl\/wp-content\/uploads\/sites\/19\/2025\/02\/Oferta-wideodomofony-docx-14.6-KB.docx\">Oferta &#8211; wideodomofony [docx 14.6 KB]<\/a><\/strong><\/p>\n<p><strong><a href=\"https:\/\/przedszkole41.edu.wroclaw.pl\/wp-content\/uploads\/sites\/19\/2025\/02\/Oferta-meble-do-gab.-praca-terapeut.-docx-14.7-KB.docx\">Oferta &#8211; meble do gab.-praca terapeut. [docx 14.7 KB]<\/a><\/strong><\/p>\n<p><strong><a href=\"https:\/\/przedszkole41.edu.wroclaw.pl\/wp-content\/uploads\/sites\/19\/2025\/02\/Oferta-rolety-docx-14.6-KB.docx\">Oferta &#8211; rolety [ docx 14.6 KB]<\/a><\/strong><\/p>\n<p><strong><a href=\"https:\/\/przedszkole41.edu.wroclaw.pl\/wp-content\/uploads\/sites\/19\/2025\/02\/Oferta-Krata-docx-14.5-KB.docx\">Oferta &#8211; Krata [docx 14.5 KB]<\/a><\/strong><\/p>\n<p><strong><a href=\"https:\/\/przedszkole41.edu.wroclaw.pl\/wp-content\/uploads\/sites\/19\/2024\/08\/oferta-urzadzenia-kuchenne.docx\">oferta-urzadzenia-kuchenne<\/a><\/strong><\/p>\n<p><strong><a href=\"https:\/\/przedszkole41.edu.wroclaw.pl\/wp-content\/uploads\/sites\/19\/2024\/08\/oferta-pomiary-elektryczne.docx\">oferta-pomiary-elektryczne<\/a><\/strong><\/p>\n<p><strong><a href=\"https:\/\/przedszkole41.edu.wroclaw.pl\/wp-content\/uploads\/sites\/19\/2024\/08\/oferta-deratyzacja.docx\">oferta-deratyzacja<\/a><\/strong><\/p>\n<p><strong><a href=\"https:\/\/przedszkole41.edu.wroclaw.pl\/wp-content\/uploads\/sites\/19\/2024\/08\/oferta-sep.tluszczu.docx\">oferta sep.t\u0142uszczu<\/a><\/strong><\/p>\n<p><strong><a href=\"https:\/\/przedszkole41.edu.wroclaw.pl\/wp-content\/uploads\/sites\/19\/2024\/08\/oferta-Medycyna-Pracy.docx\">oferta Medycyna Pracy<\/a><\/strong><\/p>\n<p><strong><a href=\"https:\/\/przedszkole41.edu.wroclaw.pl\/wp-content\/uploads\/sites\/19\/2024\/08\/oferta-klimatyzacji.docx\">oferta klimatyzacji<\/a><\/strong><\/p>\n<p>&nbsp;<\/p>\n<p><strong>2023\/24<\/strong><\/p>\n<p><a href=\"https:\/\/przedszkole41.edu.wroclaw.pl\/wp-content\/uploads\/sites\/19\/2023\/07\/Czyszczenie-i-przeglad-separatora-tluszczu-oraz-czyszczenie-kanalizacji.docx\">Czyszczenie i przegl\u0105d separatora t\u0142uszczu oraz czyszczenie kanalizacji<\/a><\/p>\n<p><a href=\"https:\/\/przedszkole41.edu.wroclaw.pl\/wp-content\/uploads\/sites\/19\/2023\/07\/Deratyzacja.docx\">Deratyzacja<\/a><\/p>\n<p><a href=\"https:\/\/przedszkole41.edu.wroclaw.pl\/wp-content\/uploads\/sites\/19\/2023\/07\/Konserwacja-klimatyzacji.docx\">Konserwacja klimatyzacji<\/a><\/p>\n<p><a href=\"https:\/\/przedszkole41.edu.wroclaw.pl\/wp-content\/uploads\/sites\/19\/2023\/07\/Medycyna-Pracy.docx\">Medycyna Pracy<\/a><\/p>\n<p><a href=\"https:\/\/przedszkole41.edu.wroclaw.pl\/wp-content\/uploads\/sites\/19\/2023\/07\/Monitorowanie-sygnalow-z-Systemu-zabezpieczen-elektronicznych.docx\">Monitorowanie sygna\u0142\u00f3w z Systemu zabezpiecze\u0144 elektronicznych<\/a><\/p>\n<p><a href=\"https:\/\/przedszkole41.edu.wroclaw.pl\/wp-content\/uploads\/sites\/19\/2023\/07\/Okresowe-przeglady-konserwacja-napraw-urzadzen-znajdujacych-sie-na-wyposazeniu-kuchni.docx\">Okresowe przegl\u0105dy, konserwacja, napraw urz\u0105dze\u0144 znajduj\u0105cych si\u0119 na wyposa\u017ceniu kuchni<\/a><\/p>\n<p><a href=\"https:\/\/przedszkole41.edu.wroclaw.pl\/wp-content\/uploads\/sites\/19\/2023\/07\/Przeglady-i-pomiarow-instalacji-elektrycznych.docx\">Przegl\u0105dy, i pomiar\u00f3w instalacji elektrycznych<\/a><\/p>\n<p><a href=\"https:\/\/przedszkole41.edu.wroclaw.pl\/wp-content\/uploads\/sites\/19\/2023\/07\/Serwis-centrali-wentylacyjnej-nawiewnej.docx\">Serwis centrali wentylacyjnej nawiewnej<\/a>[\/vc_column_text][vc_column_text]<a href=\"https:\/\/przedszkole41.edu.wroclaw.pl\/wp-content\/uploads\/sites\/19\/2022\/07\/Pomiary-powierzchni-mokrych-test-opraw-ewakuacyjnych-ppoz-wylacznikow-pradu-oraz-instalacji-odgromowej.docx\">Pomiary powierzchni mokrych, test opraw ewakuacyjnych, ppo\u017c wy\u0142\u0105cznik\u00f3w pr\u0105du oraz instalacji odgromowej<\/a><\/p>\n<p><a href=\"https:\/\/przedszkole41.edu.wroclaw.pl\/wp-content\/uploads\/sites\/19\/2022\/07\/Staly-nadzor-sanitarny-w-zakresie-ochrony-przed-szkodnikami.docx\">Sta\u0142y nadz\u00f3r sanitarny w zakresie ochrony przed szkodnikami<\/a><\/p>\n<p><a href=\"https:\/\/przedszkole41.edu.wroclaw.pl\/wp-content\/uploads\/sites\/19\/2022\/08\/Dywany-TUPUTAN.docx\">Dywany TUPUTAN<\/a>[\/vc_column_text][\/vc_column][\/vc_row]<\/p>\n<\/div>","protected":false},"excerpt":{"rendered":"<p>[vc_row][vc_column][vc_column_text css=&#8221;&#8221;]2024\/25 Oferta &#8211; inwentaryzacja i wycinka [docx 14.7 KB] Oferta &#8211; wideodomofony [docx 14.6 KB] Oferta &#8211; meble do gab.-praca terapeut. [docx 14.7 KB] Oferta &#8211; rolety [ docx [&hellip;]<\/p>\n","protected":false},"author":15,"featured_media":0,"parent":0,"menu_order":0,"comment_status":"closed","ping_status":"closed","template":"","meta":{"ngg_post_thumbnail":0,"footnotes":""},"class_list":["post-1389","page","type-page","status-publish","hentry","clearfix"],"_links":{"self":[{"href":"https:\/\/przedszkole41.edu.wroclaw.pl\/index.php\/wp-json\/wp\/v2\/pages\/1389","targetHints":{"allow":["GET"]}}],"collection":[{"href":"https:\/\/przedszkole41.edu.wroclaw.pl\/index.php\/wp-json\/wp\/v2\/pages"}],"about":[{"href":"https:\/\/przedszkole41.edu.wroclaw.pl\/index.php\/wp-json\/wp\/v2\/types\/page"}],"author":[{"embeddable":true,"href":"https:\/\/przedszkole41.edu.wroclaw.pl\/index.php\/wp-json\/wp\/v2\/users\/15"}],"replies":[{"embeddable":true,"href":"https:\/\/przedszkole41.edu.wroclaw.pl\/index.php\/wp-json\/wp\/v2\/comments?post=1389"}],"version-history":[{"count":8,"href":"https:\/\/przedszkole41.edu.wroclaw.pl\/index.php\/wp-json\/wp\/v2\/pages\/1389\/revisions"}],"predecessor-version":[{"id":2901,"href":"https:\/\/przedszkole41.edu.wroclaw.pl\/index.php\/wp-json\/wp\/v2\/pages\/1389\/revisions\/2901"}],"wp:attachment":[{"href":"https:\/\/przedszkole41.edu.wroclaw.pl\/index.php\/wp-json\/wp\/v2\/media?parent=1389"}],"curies":[{"name":"wp","href":"https:\/\/api.w.org\/{rel}","templated":true}]}}