
{"id":101,"date":"2016-02-22T10:25:55","date_gmt":"2016-02-22T09:25:55","guid":{"rendered":"https:\/\/przedszkole41.edu.wroclaw.pl\/?page_id=101"},"modified":"2026-01-23T08:46:23","modified_gmt":"2026-01-23T07:46:23","slug":"aktualnosci","status":"publish","type":"page","link":"https:\/\/przedszkole41.edu.wroclaw.pl\/index.php\/aktualnosci\/","title":{"rendered":"Kontakt"},"content":{"rendered":"<div class=\"wpb-content-wrapper\"><p>[vc_row full_width=&#8221;1&#8243;][vc_column width=&#8221;1\/2&#8243; font_color=&#8221;#52810D&#8221;][vc_raw_html]JTNDaWZyYW1lJTIwd2lkdGglM0QlMjIxMDAlMjUlMjIlMjBoZWlnaHQlM0QlMjI1MDAlMjIlMjBpZCUzRCUyMmdtYXBfY2FudmFzJTIyJTIwc3JjJTNEJTIyaHR0cHMlM0ElMkYlMkZtYXBzLmdvb2dsZS5jb20lMkZtYXBzJTNGcSUzRFByemVkc3prb2xlJTI1MjBOciUyNTIwNDElMjUyMGltLiUyNTIwSmFuYSUyNTIwUGF3JTI1QzUlMjU4MmElMjUyMElJJTI1MjB1bC4lMjUyMERvYnJhJTI1MjAxNiUyNTIwNTMtNjc4JTI1MjBXcm9jJTI1QzUlMjU4MmF3JTI2dCUzRCUyNnolM0QxMyUyNmllJTNEVVRGOCUyNml3bG9jJTNEJTI2b3V0cHV0JTNEZW1iZWQlMjIlMjBmcmFtZWJvcmRlciUzRCUyMjAlMjIlMjBzY3JvbGxpbmclM0QlMjJubyUyMiUyMG1hcmdpbmhlaWdodCUzRCUyMjAlMjIlMjBtYXJnaW53aWR0aCUzRCUyMjAlMjIlM0UlM0MlMkZpZnJhbWUlM0U=[\/vc_raw_html][\/vc_column][vc_column width=&#8221;1\/2&#8243;][vc_row_inner][vc_column_inner width=&#8221;1\/4&#8243; css=&#8221;.vc_custom_1451378474576{padding-top: 28px !important;}&#8221;][vc_icon icon_fontawesome=&#8221;fa fa-flag-o&#8221; color=&#8221;custom&#8221; align=&#8221;center&#8221; css_animation=&#8221;appear&#8221; custom_color=&#8221;#0336a1&#8243;][\/vc_column_inner][vc_column_inner width=&#8221;3\/4&#8243;][vc_column_text css_animation=&#8221;appear&#8221;]<span style=\"font-size: 14pt; font-family: arial, helvetica, sans-serif;\">Przedszkole Nr 41 im. Jana Paw\u0142a II<\/span><br \/>\n<span style=\"font-size: 14pt; font-family: arial, helvetica, sans-serif;\">ul. Dobra 16<\/span><br \/>\n<span style=\"font-size: 14pt; font-family: arial, helvetica, sans-serif;\">53-678 Wroc\u0142aw<\/span>[\/vc_column_text][\/vc_column_inner][\/vc_row_inner][vc_empty_space][vc_row_inner][vc_column_inner width=&#8221;1\/4&#8243;][vc_icon icon_fontawesome=&#8221;fa fa-envelope-o&#8221; color=&#8221;custom&#8221; align=&#8221;center&#8221; css_animation=&#8221;bottom-to-top&#8221; custom_color=&#8221;#0336a1&#8243;][\/vc_column_inner][vc_column_inner width=&#8221;3\/4&#8243;][vc_empty_space height=&#8221;16px&#8221;][vc_column_text css_animation=&#8221;left-to-right&#8221;]<a href=\"mailto:sekretariat.p041@wroclawskaedukacja.pl\"><span style=\"font-family: arial, helvetica, sans-serif; font-size: 14pt;\">sekretariat.p041@wroclawskaedukacja.pl<\/span><\/a>[\/vc_column_text][\/vc_column_inner][\/vc_row_inner][vc_empty_space][vc_row_inner][vc_column_inner width=&#8221;1\/4&#8243;][vc_empty_space][vc_icon icon_fontawesome=&#8221;fa fa-phone&#8221; color=&#8221;custom&#8221; align=&#8221;center&#8221; css_animation=&#8221;top-to-bottom&#8221; custom_color=&#8221;#0336a1&#8243;][\/vc_column_inner][vc_column_inner width=&#8221;3\/4&#8243;][vc_column_text css_animation=&#8221;appear&#8221;]<span style=\"font-size: 14pt; font-family: arial, helvetica, sans-serif;\">tel. (71) 798 67 89<\/span><br \/>\n<span id=\"home_DFText_4-school_phone\" class=\"skgd skgdli-home_ListItem_8-home_DFText_4\" style=\"font-size: 14pt; font-family: arial, helvetica, sans-serif;\" data-sgid=\"home_DFText_4-school_phone\">Dyrektor &#8211; wew. 101<br \/>\nWicedyrektor &#8211; wew. 103<br \/>\nSekretariat &#8211; wew. 102<br \/>\nIntendent &#8211; wew. 113<br \/>\n<\/span><\/p>\n<p><span style=\"font-family: arial, helvetica, sans-serif; font-size: 14pt;\"><em>Funkcj\u0119 Inspektora Ochrony Danych Osobowych w Przedszkolu nr 41 im. Jana Paw\u0142a II we Wroc\u0142awiu pe\u0142ni:<\/em><\/span><\/p>\n<p><span style=\"font-size: 14pt; font-family: arial, helvetica, sans-serif;\"><strong><em>Tomasz Grzybowski, tel.: + <a href=\"callto:48 501 083 482\">48 501 083 482<\/a><br \/>\nmail:&nbsp;<a href=\"mailto:inspektor@coreconsulting.pl\">inspektor@coreconsulting.pl<\/a><\/em><\/strong><\/span><\/p>\n<p>&nbsp;[\/vc_column_text][\/vc_column_inner][\/vc_row_inner][\/vc_column][\/vc_row][vc_row css_animation=&#8221;appear&#8221; css=&#8221;.vc_custom_1769154334647{border-top-width: 1px !important;border-right-width: 1px !important;border-bottom-width: 1px !important;border-left-width: 1px !important;border-left-style: solid !important;border-right-style: solid !important;border-top-style: solid !important;border-bottom-style: solid !important;border-radius: 5px !important;border-color: #D5D0D0 !important;}&#8221; el_class=&#8221;.ksef&#8221;][vc_column][vc_column_text css=&#8221;&#8221;]<\/p>\n<p style=\"font-weight: 400;\"><span style=\"font-size: 14pt;\"><strong>KSeF \u2013 wystawianie faktur dla Przedszkole nr 41 im. Jana Paw\u0142a II<\/strong><\/span><\/p>\n<p style=\"font-weight: 400;\"><span style=\"font-size: 14pt;\">Je\u017celi zawarli\u015bcie Pa\u0144stwo umow\u0119 z Gmin\u0105 Wroc\u0142aw &#8211; Przedszkole nr 41 im. Jana Paw\u0142a II, bardzo prosz\u0119 o wystawianie faktur za \u015bwiadczone us\u0142ugi lub dostawy w nast\u0119puj\u0105cy spos\u00f3b:<\/span><\/p>\n<p style=\"font-weight: 400;\"><span style=\"font-size: 14pt;\"><strong>Nabywca:<\/strong>&nbsp;Gmina Wroc\u0142aw, NIP&nbsp;<a href=\"callto:897 13 83 551\">897 13 83 551<\/a><\/span><\/p>\n<p style=\"font-weight: 400;\"><span style=\"font-size: 14pt;\">plac Nowy Targ 1-8, 50-141 Wroc\u0142aw<\/span><\/p>\n<p style=\"font-weight: 400;\"><span style=\"font-size: 14pt;\"><strong>Podmiot inny:<\/strong>&nbsp;Przedszkole nr 41 im. Jana Paw\u0142a II, NIP&nbsp;<a href=\"callto:897 16 15 760\">897 16 15 760<\/a>, ul. Dobra 16, 53-678 Wroc\u0142aw<\/span><\/p>\n<p style=\"font-weight: 400;\"><span style=\"font-size: 14pt;\">Je\u017celi wystawicie Pa\u0144stwo faktur\u0119 w spos\u00f3b wskazany powy\u017cej (tj. podacie Pa\u0144stwo na fakturze dwa numery NIP), faktura trafi z KSeF bezpo\u015brednio do w\u0142a\u015bciwej jednostki. Je\u017celi na fakturze nie b\u0119dzie podanego numeru NIP jednostki, utrudni i wyd\u0142u\u017cy to proces przydzielania faktury do odpowiedniej jednostki.<\/span><\/p>\n<p style=\"font-weight: 400;\"><span style=\"font-size: 14pt;\">Bardzo prosz\u0119 r\u00f3wnie\u017c o podawanie na fakturze numeru umowy\/zam\u00f3wienia.<\/span><\/p>\n<p style=\"font-weight: 400;\"><span style=\"font-size: 14pt;\">Powy\u017csze zasady dotycz\u0105 faktur wystawionych za po\u015brednictwem KSeF od dnia&nbsp;01 lutego 2026&nbsp;r.<\/span><\/p>\n<p>[\/vc_column_text][\/vc_column][\/vc_row]<\/p>\n<\/div>","protected":false},"excerpt":{"rendered":"<p>[vc_row full_width=&#8221;1&#8243;][vc_column width=&#8221;1\/2&#8243; font_color=&#8221;#52810D&#8221;][vc_raw_html]JTNDaWZyYW1lJTIwd2lkdGglM0QlMjIxMDAlMjUlMjIlMjBoZWlnaHQlM0QlMjI1MDAlMjIlMjBpZCUzRCUyMmdtYXBfY2FudmFzJTIyJTIwc3JjJTNEJTIyaHR0cHMlM0ElMkYlMkZtYXBzLmdvb2dsZS5jb20lMkZtYXBzJTNGcSUzRFByemVkc3prb2xlJTI1MjBOciUyNTIwNDElMjUyMGltLiUyNTIwSmFuYSUyNTIwUGF3JTI1QzUlMjU4MmElMjUyMElJJTI1MjB1bC4lMjUyMERvYnJhJTI1MjAxNiUyNTIwNTMtNjc4JTI1MjBXcm9jJTI1QzUlMjU4MmF3JTI2dCUzRCUyNnolM0QxMyUyNmllJTNEVVRGOCUyNml3bG9jJTNEJTI2b3V0cHV0JTNEZW1iZWQlMjIlMjBmcmFtZWJvcmRlciUzRCUyMjAlMjIlMjBzY3JvbGxpbmclM0QlMjJubyUyMiUyMG1hcmdpbmhlaWdodCUzRCUyMjAlMjIlMjBtYXJnaW53aWR0aCUzRCUyMjAlMjIlM0UlM0MlMkZpZnJhbWUlM0U=[\/vc_raw_html][\/vc_column][vc_column width=&#8221;1\/2&#8243;][vc_row_inner][vc_column_inner width=&#8221;1\/4&#8243; css=&#8221;.vc_custom_1451378474576{padding-top: 28px !important;}&#8221;][vc_icon icon_fontawesome=&#8221;fa fa-flag-o&#8221; color=&#8221;custom&#8221; align=&#8221;center&#8221; css_animation=&#8221;appear&#8221; custom_color=&#8221;#0336a1&#8243;][\/vc_column_inner][vc_column_inner width=&#8221;3\/4&#8243;][vc_column_text css_animation=&#8221;appear&#8221;]Przedszkole Nr 41 im. Jana Paw\u0142a II ul. Dobra 16 53-678 Wroc\u0142aw[\/vc_column_text][\/vc_column_inner][\/vc_row_inner][vc_empty_space][vc_row_inner][vc_column_inner width=&#8221;1\/4&#8243;][vc_icon icon_fontawesome=&#8221;fa [&hellip;]<\/p>\n","protected":false},"author":15,"featured_media":0,"parent":0,"menu_order":0,"comment_status":"closed","ping_status":"closed","template":"","meta":{"ngg_post_thumbnail":0,"footnotes":""},"class_list":["post-101","page","type-page","status-publish","hentry","clearfix"],"_links":{"self":[{"href":"https:\/\/przedszkole41.edu.wroclaw.pl\/index.php\/wp-json\/wp\/v2\/pages\/101","targetHints":{"allow":["GET"]}}],"collection":[{"href":"https:\/\/przedszkole41.edu.wroclaw.pl\/index.php\/wp-json\/wp\/v2\/pages"}],"about":[{"href":"https:\/\/przedszkole41.edu.wroclaw.pl\/index.php\/wp-json\/wp\/v2\/types\/page"}],"author":[{"embeddable":true,"href":"https:\/\/przedszkole41.edu.wroclaw.pl\/index.php\/wp-json\/wp\/v2\/users\/15"}],"replies":[{"embeddable":true,"href":"https:\/\/przedszkole41.edu.wroclaw.pl\/index.php\/wp-json\/wp\/v2\/comments?post=101"}],"version-history":[{"count":32,"href":"https:\/\/przedszkole41.edu.wroclaw.pl\/index.php\/wp-json\/wp\/v2\/pages\/101\/revisions"}],"predecessor-version":[{"id":3472,"href":"https:\/\/przedszkole41.edu.wroclaw.pl\/index.php\/wp-json\/wp\/v2\/pages\/101\/revisions\/3472"}],"wp:attachment":[{"href":"https:\/\/przedszkole41.edu.wroclaw.pl\/index.php\/wp-json\/wp\/v2\/media?parent=101"}],"curies":[{"name":"wp","href":"https:\/\/api.w.org\/{rel}","templated":true}]}}